{"id":30988,"date":"2021-12-21T18:49:26","date_gmt":"2021-12-21T16:49:26","guid":{"rendered":"https:\/\/lacuriosa.cat\/?page_id=30988"},"modified":"2025-07-28T19:38:22","modified_gmt":"2025-07-28T17:38:22","slug":"politica-de-privacitat","status":"publish","type":"page","link":"https:\/\/lacuriosa.cat\/ca\/politica-de-privacitat\/","title":{"rendered":"Pol\u00edtica de privacitat"},"content":{"rendered":"\t\t<div data-elementor-type=\"wp-post\" data-elementor-id=\"30988\" class=\"elementor elementor-30988 elementor-30987\">\n\t\t\t\t\t\t<section class=\"elementor-section elementor-top-section elementor-element elementor-element-7801c6b elementor-section-boxed elementor-section-height-default elementor-section-height-default\" data-id=\"7801c6b\" data-element_type=\"section\" id=\"legatxtcont\" data-settings=\"{&quot;background_background&quot;:&quot;classic&quot;}\">\n\t\t\t\t\t\t\t<div class=\"elementor-background-overlay\"><\/div>\n\t\t\t\t\t\t\t<div class=\"elementor-container elementor-column-gap-default\">\n\t\t\t\t\t<div class=\"elementor-column elementor-col-100 elementor-top-column elementor-element elementor-element-f42d36b\" data-id=\"f42d36b\" data-element_type=\"column\" data-settings=\"{&quot;background_background&quot;:&quot;classic&quot;}\">\n\t\t\t<div class=\"elementor-widget-wrap elementor-element-populated\">\n\t\t\t\t\t\t<div class=\"elementor-element elementor-element-71cce42 elementor-widget elementor-widget-heading\" data-id=\"71cce42\" data-element_type=\"widget\" data-widget_type=\"heading.default\">\n\t\t\t\t\t<h1 class=\"elementor-heading-title elementor-size-default\">Pol\u00edtica de privacitat<\/h1>\t\t\t\t<\/div>\n\t\t\t\t<div class=\"elementor-element elementor-element-0264919 legaltext elementor-widget elementor-widget-text-editor\" data-id=\"0264919\" data-element_type=\"widget\" data-widget_type=\"text-editor.default\">\n\t\t\t\t\t\t\t\t\t<p>Les teves dades personals a <strong>lacuriosa.cat<\/strong><\/p><p>La teva privacitat \u00e9s respectada i protegida a aquesta web.<\/p><p>Amb aquesta pol\u00edtica, La curiosa\u00a0reafirma el seu comprom\u00eds amb la protecci\u00f3 de dades, el compliment de la llei aplicable i la protecci\u00f3 de les dades personals dels usuaris que es relacionen amb aquesta web.<\/p><p>Aquesta web compleix amb totes i cadascuna de les regulacions que protegeixen la informaci\u00f3 personal dels seus usuaris, concretament:<\/p><p>\u25cf El Reglament UE 2016\/679, del Parlament Europeu i del Consell de 27 d\u2019abril de 2016. (RGPD)<\/p><p>\u25cf La Llei org\u00e0nica 3\/2018, de 5 de desembre, de Protecci\u00f3 de Dades Personals i garantia dels drets digitals.<\/p><p>Mitjan\u00e7ant l\u2019acceptaci\u00f3 d\u2019aquesta Pol\u00edtica de Privacitat, prestes el teu consentiment informat, expr\u00e9s, lliure i inequ\u00edvoc perqu\u00e8 les Dades que proporciones siguin tractades per La curiosa\u00a0com a responsable del tractament, i sobre les quals s\u2019apliquen les mesures de seguretat, t\u00e8cniques i organitzatives previstes en les normatives vigent.<\/p><h2>Qui \u00e9s el responsable de La curiosa?<\/h2><p><strong>Responsables:<\/strong> Alba Marina Rivera Nif: 26651165F i Claudia G\u00f3mez Blasco Nif: 14310082B<br \/><strong>Correu electr\u00f2nic:<\/strong> info@lacuriosa.cat<\/p><h2>Dades que es recullen en La curiosa<\/h2><p>Les dades personals que es recullen i tracten en aquesta web s\u00f3n subministrades directament pels propis usuaris. Concretament, es recullen i tracten dades provinents de:<\/p><p>\u25cf Formulari de contacte<\/p><h2>Legitimaci\u00f3 per al tractament de les teves dades<\/h2><p>Per a contactar o requerir informaci\u00f3 sobre la web, es requereix el consentiment d\u2019aquesta pol\u00edtica de privacitat.<\/p><h2>Categoria de dades personals que es requereixen<\/h2><p><strong>\u25cf Per a contactar:<\/strong><br \/>Es requereixen dades Identificatives: (nom, correu electr\u00f2nic, tel\u00e8fon)<\/p><h2>Amb quina finalitat es tracten les teves dades personals?<\/h2><p>L\u2019enviament de dades de car\u00e0cter personal en aquesta web \u00e9s obligatori per a contactar i sol\u00b7licitar qualsevol dels serveis oferts per La curiosa.<\/p><p>Les dades requerides s\u00f3n adequades i pertinents per a la finalitat que es comunica.<br \/>Concretament, les dades recollides en lacuriosa.cat seran tractades amb les seg\u00fcents finalitats:<\/p><p>Les operacions previstes per a realitzar el tractament s\u00f3n:<\/p><p>\u25cf\u00a0Mantenir una relaci\u00f3 amb l\u2019usuari o client.<\/p><p>\u25cf Remissi\u00f3 de comunicacions comercials publicit\u00e0ries per email, SMS, MMS, comunitats socials o qualsevol altre mitj\u00e0 electr\u00f2nic o f\u00edsic, present o futur, que possibiliti realitzar comunicacions comercials. Aquestes comunicacions seran realitzades per La curiosa i relacionades amb els serveis contractats.<\/p><p>\u25cf Tramitar enc\u00e0rrecs, sol\u00b7licituds o qualsevol tipus de petici\u00f3 que sigui realitzada per l\u2019usuari a trav\u00e9s de qualsevol de les formes de contacte que es posen a la seva disposici\u00f3.<\/p><p>\u25cf Remetre el butllet\u00ed de not\u00edcies de la p\u00e0gina web.<\/p><p><strong>I tamb\u00e9:<\/strong><\/p><p>\u2022 Per a promocionar els serveis de La curiosa. Per exemple, si deixes la teva informaci\u00f3 personal en algun dels formularis de contacte, lacuriosa.cat pot utilitzar aquestes dades per a enviar-li informaci\u00f3 sobre el seus serveis, incloent-hi promocions especials en funci\u00f3 dels seus interessos, per exemple, a trav\u00e9s de campanyes de m\u00e0rqueting per correu electr\u00f2nic.<\/p><p>\u2022 Per a l\u2019atenci\u00f3 i suport als usuaris de la web.<\/p><p>\u2022 Proporcionar informaci\u00f3 a col\u00b7laboradors de La curiosa i que presten serveis estrictament necessaris per al desenvolupament dels serveis prestats per lacuriosa.cat, com desenvolupadors, Hosting, App, serveis de missatgeria i emmagatzematge i comunicaci\u00f3.<\/p><p>En tots els casos, com a Usuari tindr\u00e0s plens drets sobre les teves dades personals i sobre el seu \u00fas i podr\u00e0s exercitar-los en qualsevol moment.<\/p><p>Tamb\u00e9 es recullen altres dades no identificatives que s\u2019obtenen mitjan\u00e7ant algunes cookies que es descarreguen en l\u2019ordinador de l\u2019usuari quan navega en aquesta web, que detallem en la pol\u00edtica de cookies.<\/p><p>Aix\u00ed mateix, el no facilitar les dades personals sol\u00b7licitades o el no acceptar la present pol\u00edtica de protecci\u00f3 de dades, suposa la impossibilitat de subscriure\u2019s a la web i processar les sol\u00b7licituds realitzades a aquesta web.<\/p><p>En cas de no autoritzar el tractament de les teves dades amb les finalitats assenyalades podr\u00e0s exercir el teu dret d\u2019oposici\u00f3 al tractament de les teves dades en els termes i condicions previstes en el seg\u00fcent apartat.<\/p><h2>Dades de clients<\/h2><p>Al facilitar les teves dades per a adquirir la condici\u00f3 de CLIENT REGISTRAT de lacuriosa.cat, garanteixes que actues en nom i per compte propi, ets major de 18 anys i est\u00e0s legalment capacitat per a subscriure contractes vinculants.<\/p><p>No s\u2019accepta informaci\u00f3 de menors d\u2019edat. Si ets menor d\u2019edat no intentis registrar-te ni facilitis cap dada personal.<\/p><h2>Accions de remarketing<\/h2><p>La funci\u00f3 de remarketing permet a aquesta web arribar a les persones que hagin visitat lacuriosa.cat anteriorment i associar una audi\u00e8ncia determinada a un missatge concret. \u00c9s a dir, el remarketing \u00e9s un m\u00e8tode per aconseguir que els usuaris que han visitat aquest lloc tornin a fer-ho.<\/p><p>Com a usuari de lacuriosa.cat, has de saber que la web recopila informaci\u00f3 per a aquesta funci\u00f3 de remarketing. La informaci\u00f3 que es recopila gr\u00e0cies a aquesta funci\u00f3 \u00e9s recollida per les cookies de Facebook, Google Adword. Pots con\u00e8ixer les dades que recopilen aquestes cookies en les seg\u00fcents pol\u00edtiques de privacitat de cada servei:<\/p><p>\u25cf\u00a0<a href=\"https:\/\/web.archive.org\/web\/20210228124322\/https:\/\/www.facebook.com\/policies\/ads\" target=\"_blank\" rel=\"noopener noreferrer\">Facebook Ads<\/a><br \/>\u25cf\u00a0<a href=\"https:\/\/web.archive.org\/web\/20210228124322\/https:\/\/policies.google.com\/technologies\/ads?hl=es\" target=\"_blank\" rel=\"noopener noreferrer\">Google Adword<\/a><\/p><p>Si no vols que la teva informaci\u00f3 sigui recopilada per aquestes cookies, pots inhabilitar l\u2019\u00fas de cookies de Google a trav\u00e9s de la Configuraci\u00f3 d\u2019anuncis de Google. Tamb\u00e9 pots inhabilitar l\u2019\u00fas de cookies d\u2019un prove\u00efdor tercer a trav\u00e9s de la p\u00e0gina d\u2019inhabilitaci\u00f3 de\u00a0<a href=\"https:\/\/web.archive.org\/web\/20210228124322\/https:\/\/www.networkadvertising.org\/\" target=\"_blank\" rel=\"noopener noreferrer\">Network Advertising Initiative<\/a>. Aquest tipus de serveis permeten interactuar amb xarxes socials o altres plataformes externes directament des de les p\u00e0gines d\u2019aquesta web. Les interaccions i la informaci\u00f3 obtinguda per aquesta web sempre estaran sotmeses a la configuraci\u00f3 de privacitat de l\u2019usuari en cada xarxa social. En cas que s\u2019instal\u00b7li un servei que permeti interactuar amb xarxes socials, \u00e9s possible que, encara que els usuaris no utilitzin el servei, aquest reculli dades de tr\u00e0nsit web relatius a les p\u00e0gines en les quals estiguin instal\u00b7lats.<\/p><h2>Quins s\u00f3n els teus drets quan facilites les teves dades?<\/h2><p>Per a ajudar-te a assegurar la protecci\u00f3 i la privacitat de les teves dades personals, el RGPD t\u2019atorga diversos drets mitjan\u00e7ant els quals, pots realitzar una sol\u00b7licitud espec\u00edfica i tenir la seguretat que les dades personals que facilites en aquesta web, no s\u2019utilitzen de manera incorrecta per a finalitats que no siguin leg\u00edtimes amb la finalitat per a la qual ens les has proporcionat.<\/p><p>Concretament, tens els seg\u00fcents drets:<\/p><p><strong>Accedir a la informaci\u00f3 sobre les seves Dades personals<br \/><\/strong>Tens dret a saber si en aquesta web s\u2019utilitzen les teves dades personals i com s\u00f3n utilitzades.<\/p><p><b>Comprovar que les teves Dades personals siguin correctes<br \/><\/b>Tens dret a comprovar que s\u2019utilitza informaci\u00f3 correcta i actualitzada sobre tu.<\/p><p><b>Suprimir les teves Dades personals<br \/><\/b>Pots sol\u00b7licitar que es suprimeixin dades que no s\u00f3n necessaries per a una finalitat espec\u00edfica, per exemple, un contracte o un requisit legal. Tamb\u00e9 tens dret a retirar el consentiment que puguis haver donat pr\u00e8viament.<\/p><p><b>Limitar la manera d\u2019utilitzar les teves Dades personals<br \/><\/b>Pots demanar-nos que limitem el tractament de les teves dades a unes finalitats concretes, per exemple, prestar-te un servei.<\/p><p><b>Portar les teves dades a una altra empresa<br \/><\/b>Pots demanar-nos que enviem a una altra empresa les dades que has facilitat a aquesta web.<br \/>L\u2019arxiu proporcionar\u00e0 les Dades personals que hagis facilitat de manera activa i conscient, aix\u00ed com les dades que s\u2019hagin obtingut de manera passiva quan hagis utilitzat serveis oferts a aquesta web.<\/p><p><strong>Retirar el teu consentiment<br \/><\/strong>Quan es requereixin dades basades en el seu consentiment, tens el dret de canviar d\u2019opini\u00f3 i retirar el teu consentiment en qualsevol moment.<\/p><p><strong>Presentar una queixa davant les autoritats de control de protecci\u00f3 de dades locals<br \/><\/strong>Si no est\u00e0s satisfet amb la forma en qu\u00e8 es tracten les teves dades en aquesta web o com s\u2019ha respost a l\u2019exercici dels teus drets, tens dret a presentar una queixa davant les autoritats de control de protecci\u00f3 de dades locals.<\/p><p><strong>Vols un formulari per a l\u2019exercici de Drets?<\/strong><br \/>Existeix un formulari per a l\u2019exercici dels teus drets. El pots sol\u00b7licitar per email o, si ho prefereixes, pots usar els elaborats per\u00a0<a href=\"https:\/\/www.aepd.es\/es\/derechos-y-deberes\/conoce-tus-derechos\">l\u2019Ag\u00e8ncia Espanyola de Protecci\u00f3 de Dades o tercers.<\/a><\/p><p>Si et representa alg\u00fa, has d\u2019adjuntar c\u00f2pia del seu DNI, o que el signi amb la seva signatura electr\u00f2nica.<\/p><p>Els formularis poden ser presentats presencialment, enviats per carta o per mail a l\u2019adre\u00e7a del responsable, que trobar\u00e0s a l\u2019inici d\u2019aquest text.<\/p><p><b>On pots escriure per a sol\u00b7licitar a l\u2019Exercici de Drets?<\/b><\/p><p>Per a exercitar aquests drets pots contactar a: info@lacuriosa.cat<\/p><h2>Quant de temps es conservaran les teves dades?<\/h2><p>Les dades personals seran mantingudes mentre segueixis vinculat com a usuari o alumne de la web.<\/p><p>Una vegada et desvinculis, les dades personals tractades en cada finalitat es mantindran durant els terminis legalment previstos, incloent-hi el termini en el qual un jutge o tribunal els pugui requerir atenent el termini de prescripci\u00f3 d\u2019accions judicials.<\/p><p>Les dades tractades es mantindran en tant no expirin els terminis legals al\u00b7ludits anteriorment. Si hi hagu\u00e9s obligaci\u00f3 legal de manteniment, o en cas de no existir aquest termini legal, es mantindran fins que l\u2019interessat sol\u00b7liciti la seva supressi\u00f3 o revoqui el consentiment atorgat.<\/p><p>Es mantindr\u00e0 tota la informaci\u00f3 i comunicacions relatives a la prestaci\u00f3 dels serveis vinculats a la web mentre duri la relaci\u00f3 comercial, per atendre possibles reclamacions.<\/p><h2>A quins destinataris es comunicaran les teves dades?<\/h2><p>Les teves dades no es cediran a tercers, excepte obligaci\u00f3 legal. En concret es comunicaran a l\u2019Ag\u00e8ncia Estatal de l\u2019Administraci\u00f3 Tribut\u00e0ria i a bancs i entitats financeres per al cobrament dels programes d\u2019entrenament, aix\u00ed com als encarregats del tractament necessaris per a l\u2019execuci\u00f3 del contracte.<\/p><p>Prove\u00efdors de serveis, com prove\u00efdors de sistemes inform\u00e0tics.<\/p><p>Tamb\u00e9 pot tenir acc\u00e9s a aquesta web l\u2019empresa de desenvolupament i manteniment de la web o la de hosting. Aquestes, tenen signat un contracte de prestaci\u00f3 de serveis que els obliga a mantenir el mateix nivell de privacitat i seguretat que apliquem als nostres tractaments.<\/p><h2>Notificaci\u00f3 de seguretat i declaraci\u00f3 de bretxes<\/h2><p>lacuriosa.cat assumeix mesures raonables i apropiades per a protegir la informaci\u00f3 personal contra p\u00e8rdua, \u00fas indegut i acc\u00e9s no autoritzat, divulgaci\u00f3, alteraci\u00f3 i destrucci\u00f3, tenint en compte els riscos que comporta el processament i la naturalesa de la informaci\u00f3 personal que es recapta en aquesta filiaci\u00f3. No obstant aix\u00f2, si La curiosa determina que les teves dades han estat malversades, s\u2019han vist exposades per una bretxa de seguretat, o han estat adquirides de manera incorrecta per un tercer, La curiosa t\u2019informar\u00e0 immediatament d\u2019aquesta bretxa de seguretat, apropiaci\u00f3, o adquisici\u00f3 indeguda.<\/p><h2>Exactitud i veracitat de les dades<\/h2><p>Com a usuari, ets l\u2019\u00fanic responsable de la veracitat i correcci\u00f3 de les dades que remetis a lacuriosa.cat, exonerant a La curiosa de qualsevol responsabilitat sobre aquest tema.<\/p><p>Els usuaris garanteixen i responen, en qualsevol cas, de l\u2019exactitud, vig\u00e8ncia i autenticitat de les dades personals facilitades, i es comprometen a mantenir-les degudament actualitzades. L\u2019usuari accepta proporcionar informaci\u00f3 completa i correcta en el formulari de contacte o subscripci\u00f3.<\/p><h2>Acceptaci\u00f3 i consentiment<\/h2><p>L\u2019usuari declara haver estat informat de les condicions sobre protecci\u00f3 de dades de car\u00e0cter personal, acceptant i consentint el tractament de les mateixes per part de La curiosa en la forma i per a les finalitats indicades en aquesta pol\u00edtica de privacitat.<\/p><h2>Legislaci\u00f3 aplicable i jurisdicci\u00f3<\/h2><p>La relaci\u00f3 entre La curiosa i l\u2019usuari es regir\u00e0 per la normativa espanyola vigent i qualsevol controv\u00e8rsia se sotmetr\u00e0 als Jutjats i tribunals que correspongui.<\/p><h2>Canvis en la pol\u00edtica de privacitat<\/h2><p>lacuriosa.cat es reserva el dret a modificar la present pol\u00edtica per a adaptar-la a novetats legislatives o jurisprudencials, aix\u00ed com a pr\u00e0ctiques de la ind\u00fastria. En aquests sup\u00f2sits, La curiosa anunciar\u00e0 en aquesta p\u00e0gina els canvis introdu\u00efts amb raonable antelaci\u00f3 a la seva posada en pr\u00e0ctica<\/p>\t\t\t\t\t\t\t\t<\/div>\n\t\t\t\t<div class=\"elementor-element elementor-element-4469ecf elementor-widget elementor-widget-spacer\" data-id=\"4469ecf\" data-element_type=\"widget\" data-widget_type=\"spacer.default\">\n\t\t\t\t\t\t\t<div class=\"elementor-spacer\">\n\t\t\t<div class=\"elementor-spacer-inner\"><\/div>\n\t\t<\/div>\n\t\t\t\t\t\t<\/div>\n\t\t\t\t\t<\/div>\n\t\t<\/div>\n\t\t\t\t\t<\/div>\n\t\t<\/section>\n\t\t\t\t<\/div>\n\t\t","protected":false},"excerpt":{"rendered":"<p>Pol\u00edtica de privacitat Les teves dades personals a lacuriosa.cat La teva privacitat \u00e9s respectada i protegida a aquesta&#8230;<\/p>\n","protected":false},"author":1,"featured_media":0,"parent":0,"menu_order":10,"comment_status":"closed","ping_status":"closed","template":"","meta":{"_acf_changed":false,"inline_featured_image":false,"footnotes":""},"class_list":["post-30988","page","type-page","status-publish","hentry"],"acf":[],"yoast_head":"<!-- This site is optimized with the Yoast SEO plugin v26.2 - https:\/\/yoast.com\/wordpress\/plugins\/seo\/ -->\n<title>La Curiosa<\/title>\n<meta name=\"description\" content=\"Cuando La Curiosa escucha los colores y las formas, los objetos cobran vida y bailan al ritmo de melod\u00edas y sonoridades incre\u00edbles. \u00bfQuieres curiosear?\" \/>\n<meta name=\"robots\" content=\"index, follow, max-snippet:-1, max-image-preview:large, max-video-preview:-1\" \/>\n<link rel=\"canonical\" href=\"https:\/\/lacuriosa.cat\/ca\/politica-de-privacitat\/\" \/>\n<meta property=\"og:locale\" content=\"ca_ES\" \/>\n<meta property=\"og:type\" content=\"article\" \/>\n<meta property=\"og:title\" content=\"La Curiosa\" \/>\n<meta property=\"og:description\" content=\"Cuando La Curiosa escucha los colores y las formas, los objetos cobran vida y bailan al ritmo de melod\u00edas y sonoridades incre\u00edbles. \u00bfQuieres curiosear?\" \/>\n<meta property=\"og:url\" content=\"https:\/\/lacuriosa.cat\/ca\/politica-de-privacitat\/\" \/>\n<meta property=\"og:site_name\" content=\"La Curiosa\" \/>\n<meta property=\"article:modified_time\" content=\"2025-07-28T17:38:22+00:00\" \/>\n<meta property=\"og:image\" content=\"https:\/\/lacuriosa.cat\/wp-content\/uploads\/2020\/09\/fbimage2020-color.jpg\" \/>\n\t<meta property=\"og:image:width\" content=\"1191\" \/>\n\t<meta property=\"og:image:height\" content=\"628\" \/>\n\t<meta property=\"og:image:type\" content=\"image\/jpeg\" \/>\n<meta name=\"twitter:card\" content=\"summary_large_image\" \/>\n<meta name=\"twitter:description\" content=\"Cuando La Curiosa escucha los colores y las formas, los objetos cobran vida y bailan al ritmo de melod\u00edas y sonoridades incre\u00edbles. \u00bfQuieres curiosear?\" \/>\n<meta name=\"twitter:image\" content=\"https:\/\/lacuriosa.cat\/wp-content\/uploads\/2020\/09\/fbimage2020-color.jpg\" \/>\n<meta name=\"twitter:label1\" content=\"Temps estimat de lectura\" \/>\n\t<meta name=\"twitter:data1\" content=\"9 minuts\" \/>\n<script type=\"application\/ld+json\" class=\"yoast-schema-graph\">{\"@context\":\"https:\/\/schema.org\",\"@graph\":[{\"@type\":\"WebPage\",\"@id\":\"https:\/\/lacuriosa.cat\/ca\/politica-de-privacitat\/\",\"url\":\"https:\/\/lacuriosa.cat\/ca\/politica-de-privacitat\/\",\"name\":\"La Curiosa\",\"isPartOf\":{\"@id\":\"https:\/\/lacuriosa.cat\/ca\/inici\/#website\"},\"datePublished\":\"2021-12-21T16:49:26+00:00\",\"dateModified\":\"2025-07-28T17:38:22+00:00\",\"description\":\"Cuando La Curiosa escucha los colores y las formas, los objetos cobran vida y bailan al ritmo de melod\u00edas y sonoridades incre\u00edbles. \u00bfQuieres curiosear?\",\"breadcrumb\":{\"@id\":\"https:\/\/lacuriosa.cat\/ca\/politica-de-privacitat\/#breadcrumb\"},\"inLanguage\":\"ca\",\"potentialAction\":[{\"@type\":\"ReadAction\",\"target\":[\"https:\/\/lacuriosa.cat\/ca\/politica-de-privacitat\/\"]}]},{\"@type\":\"BreadcrumbList\",\"@id\":\"https:\/\/lacuriosa.cat\/ca\/politica-de-privacitat\/#breadcrumb\",\"itemListElement\":[{\"@type\":\"ListItem\",\"position\":1,\"name\":\"Portada\",\"item\":\"https:\/\/lacuriosa.cat\/ca\/inici\/\"},{\"@type\":\"ListItem\",\"position\":2,\"name\":\"Pol\u00edtica de privacitat\"}]},{\"@type\":\"WebSite\",\"@id\":\"https:\/\/lacuriosa.cat\/ca\/inici\/#website\",\"url\":\"https:\/\/lacuriosa.cat\/ca\/inici\/\",\"name\":\"La Curiosa\",\"description\":\"Espect\u00e1culo familiar de proyecciones y m\u00fasica en directo\",\"potentialAction\":[{\"@type\":\"SearchAction\",\"target\":{\"@type\":\"EntryPoint\",\"urlTemplate\":\"https:\/\/lacuriosa.cat\/ca\/inici\/?s={search_term_string}\"},\"query-input\":{\"@type\":\"PropertyValueSpecification\",\"valueRequired\":true,\"valueName\":\"search_term_string\"}}],\"inLanguage\":\"ca\"}]}<\/script>\n<!-- \/ Yoast SEO plugin. -->","yoast_head_json":{"title":"La Curiosa","description":"Cuando La Curiosa escucha los colores y las formas, los objetos cobran vida y bailan al ritmo de melod\u00edas y sonoridades incre\u00edbles. \u00bfQuieres curiosear?","robots":{"index":"index","follow":"follow","max-snippet":"max-snippet:-1","max-image-preview":"max-image-preview:large","max-video-preview":"max-video-preview:-1"},"canonical":"https:\/\/lacuriosa.cat\/ca\/politica-de-privacitat\/","og_locale":"ca_ES","og_type":"article","og_title":"La Curiosa","og_description":"Cuando La Curiosa escucha los colores y las formas, los objetos cobran vida y bailan al ritmo de melod\u00edas y sonoridades incre\u00edbles. \u00bfQuieres curiosear?","og_url":"https:\/\/lacuriosa.cat\/ca\/politica-de-privacitat\/","og_site_name":"La Curiosa","article_modified_time":"2025-07-28T17:38:22+00:00","og_image":[{"width":1191,"height":628,"url":"https:\/\/lacuriosa.cat\/wp-content\/uploads\/2020\/09\/fbimage2020-color.jpg","type":"image\/jpeg"}],"twitter_card":"summary_large_image","twitter_description":"Cuando La Curiosa escucha los colores y las formas, los objetos cobran vida y bailan al ritmo de melod\u00edas y sonoridades incre\u00edbles. \u00bfQuieres curiosear?","twitter_image":"https:\/\/lacuriosa.cat\/wp-content\/uploads\/2020\/09\/fbimage2020-color.jpg","twitter_misc":{"Temps estimat de lectura":"9 minuts"},"schema":{"@context":"https:\/\/schema.org","@graph":[{"@type":"WebPage","@id":"https:\/\/lacuriosa.cat\/ca\/politica-de-privacitat\/","url":"https:\/\/lacuriosa.cat\/ca\/politica-de-privacitat\/","name":"La Curiosa","isPartOf":{"@id":"https:\/\/lacuriosa.cat\/ca\/inici\/#website"},"datePublished":"2021-12-21T16:49:26+00:00","dateModified":"2025-07-28T17:38:22+00:00","description":"Cuando La Curiosa escucha los colores y las formas, los objetos cobran vida y bailan al ritmo de melod\u00edas y sonoridades incre\u00edbles. \u00bfQuieres curiosear?","breadcrumb":{"@id":"https:\/\/lacuriosa.cat\/ca\/politica-de-privacitat\/#breadcrumb"},"inLanguage":"ca","potentialAction":[{"@type":"ReadAction","target":["https:\/\/lacuriosa.cat\/ca\/politica-de-privacitat\/"]}]},{"@type":"BreadcrumbList","@id":"https:\/\/lacuriosa.cat\/ca\/politica-de-privacitat\/#breadcrumb","itemListElement":[{"@type":"ListItem","position":1,"name":"Portada","item":"https:\/\/lacuriosa.cat\/ca\/inici\/"},{"@type":"ListItem","position":2,"name":"Pol\u00edtica de privacitat"}]},{"@type":"WebSite","@id":"https:\/\/lacuriosa.cat\/ca\/inici\/#website","url":"https:\/\/lacuriosa.cat\/ca\/inici\/","name":"La Curiosa","description":"Espect\u00e1culo familiar de proyecciones y m\u00fasica en directo","potentialAction":[{"@type":"SearchAction","target":{"@type":"EntryPoint","urlTemplate":"https:\/\/lacuriosa.cat\/ca\/inici\/?s={search_term_string}"},"query-input":{"@type":"PropertyValueSpecification","valueRequired":true,"valueName":"search_term_string"}}],"inLanguage":"ca"}]}},"_links":{"self":[{"href":"https:\/\/lacuriosa.cat\/ca\/wp-json\/wp\/v2\/pages\/30988","targetHints":{"allow":["GET"]}}],"collection":[{"href":"https:\/\/lacuriosa.cat\/ca\/wp-json\/wp\/v2\/pages"}],"about":[{"href":"https:\/\/lacuriosa.cat\/ca\/wp-json\/wp\/v2\/types\/page"}],"author":[{"embeddable":true,"href":"https:\/\/lacuriosa.cat\/ca\/wp-json\/wp\/v2\/users\/1"}],"replies":[{"embeddable":true,"href":"https:\/\/lacuriosa.cat\/ca\/wp-json\/wp\/v2\/comments?post=30988"}],"version-history":[{"count":0,"href":"https:\/\/lacuriosa.cat\/ca\/wp-json\/wp\/v2\/pages\/30988\/revisions"}],"wp:attachment":[{"href":"https:\/\/lacuriosa.cat\/ca\/wp-json\/wp\/v2\/media?parent=30988"}],"curies":[{"name":"wp","href":"https:\/\/api.w.org\/{rel}","templated":true}]}}