{"id":31131,"date":"2021-12-21T19:29:12","date_gmt":"2021-12-21T17:29:12","guid":{"rendered":"https:\/\/lacuriosa.cat\/?page_id=31131"},"modified":"2025-07-28T19:38:39","modified_gmt":"2025-07-28T17:38:39","slug":"politica-de-cookies-ca","status":"publish","type":"page","link":"https:\/\/lacuriosa.cat\/ca\/politica-de-cookies-ca\/","title":{"rendered":"Pol\u00edtica de cookies"},"content":{"rendered":"\t\t<div data-elementor-type=\"wp-post\" data-elementor-id=\"31131\" class=\"elementor elementor-31131 elementor-31130\">\n\t\t\t\t\t\t<section class=\"elementor-section elementor-top-section elementor-element elementor-element-7801c6b elementor-section-boxed elementor-section-height-default elementor-section-height-default\" data-id=\"7801c6b\" data-element_type=\"section\" id=\"legatxtcont\" data-settings=\"{&quot;background_background&quot;:&quot;classic&quot;}\">\n\t\t\t\t\t\t\t<div class=\"elementor-background-overlay\"><\/div>\n\t\t\t\t\t\t\t<div class=\"elementor-container elementor-column-gap-default\">\n\t\t\t\t\t<div class=\"elementor-column elementor-col-100 elementor-top-column elementor-element elementor-element-f42d36b\" data-id=\"f42d36b\" data-element_type=\"column\" data-settings=\"{&quot;background_background&quot;:&quot;classic&quot;}\">\n\t\t\t<div class=\"elementor-widget-wrap elementor-element-populated\">\n\t\t\t\t\t\t<div class=\"elementor-element elementor-element-2af192c elementor-widget elementor-widget-heading\" data-id=\"2af192c\" data-element_type=\"widget\" data-widget_type=\"heading.default\">\n\t\t\t\t\t<h1 class=\"elementor-heading-title elementor-size-default\">Pol\u00edtica de cookies<\/h1>\t\t\t\t<\/div>\n\t\t\t\t<div class=\"elementor-element elementor-element-0264919 legaltext elementor-widget elementor-widget-text-editor\" data-id=\"0264919\" data-element_type=\"widget\" data-widget_type=\"text-editor.default\">\n\t\t\t\t\t\t\t\t\t<p>En esta web se recopila y utiliza la informaci\u00f3n seg\u00fan se indica en la pol\u00edtica de privacidad. Una de las formas en las que se recopila informaci\u00f3n es a trav\u00e9s del uso de la tecnolog\u00eda llamada \u201ccookies\u201d. En <strong>lacuriosa.cat<\/strong> se utilizan cookies para varias cosas.<\/p>\n<p><strong>Recuerda:<\/strong>\u00a0Puedes permitir o bloquear las cookies, as\u00ed como borrar tus datos de navegaci\u00f3n (incluidas las cookies) desde el navegador que utilizas. Consulta las opciones e instrucciones que ofrece tu navegador para ello. Ten en cuenta que, si aceptas las cookies de terceros, deber\u00e1s eliminarlas desde las opciones del navegador.<\/p>\n<h2>\u00bfQu\u00e9 es una cookie?<\/h2>\n<p>Una \u201ccookie\u201d es una peque\u00f1a cantidad de texto que se almacena en tu navegador (como Chrome de Google o Safari de Apple) cuando navegas por la mayor\u00eda de los sitios web.<\/p>\n<h2>\u00bfQu\u00e9 NO es una cookie?<\/h2>\n<p>No es un virus, ni un troyano, ni un gusano, ni spam, ni spyware, ni abre ventanas<br \/>pop-up.<\/p>\n<h2>\u00bfQu\u00e9 informaci\u00f3n almacena una cookie?<\/h2>\n<p>Las cookies no suelen almacenar informaci\u00f3n sensible sobre usted, como tarjetas de cr\u00e9dito o datos bancarios, fotograf\u00edas o informaci\u00f3n personal, etc. Los datos que guardan son de car\u00e1cter t\u00e9cnico, estad\u00edsticos, preferencias personales, personalizaci\u00f3n de contenidos, etc.<\/p>\n<p>El servidor web no le asocia a usted como persona sino a su navegador web. De hecho, si usted navega habitualmente con el navegador Chrome y prueba a navegar por la misma web con el navegador Firefox, ver\u00e1 que la web no se da cuenta que es usted la misma persona porque en realidad est\u00e1 asociando la informaci\u00f3n al navegador, no a la persona.<\/p>\n<h2>Cookies aceptadas por la normativa y cookies exceptuadas<\/h2>\n<p>Seg\u00fan la directiva de la UE, las cookies que requieren el consentimiento informado por parte del usuario son las cookies de anal\u00edtica y las de publicidad, quedando exceptuadas las de car\u00e1cter t\u00e9cnico y las necesarias para el funcionamiento del sitio web o la prestaci\u00f3n de servicios expresamente solicitados por el usuario.<\/p>\n<h2>\u00bfQu\u00e9 cookies utiliza esta web?<\/h2>\n<p>Esta web utiliza cookies propias y de terceros. En este sitio web se utilizan las siguientes cookies que se detallan a continuaci\u00f3n<\/p>\n<p><strong>Cookies propias:<\/strong> Inicio de sesi\u00f3n:\u00a0Las cookies para iniciar sesi\u00f3n te permiten entrar y salir de tu cuenta de <strong>lacuriosa.cat<\/strong><\/p>\n<p><strong>Seguridad:<\/strong> Utilizamos cookies para evitarte riesgos de seguridad. Principalmente para detectar cu\u00e1ndo alguien est\u00e1 intentando piratear tu cuenta de <strong>lacuriosa.cat<\/strong><\/p>\n<h2>Esta web utiliza las siguientes cookies de terceros:<\/h2>\n<p><strong>Cookies de preferencias:<\/strong><\/p>\n<p>Las cookies de preferencias permiten a la p\u00e1gina web recordar informaci\u00f3n que cambia la forma en que la p\u00e1gina se comporta o el aspecto que tiene, como el idioma preferido o la regi\u00f3n en la que se encuentra el usuario.<\/p>\n<p><strong>Cookies anal\u00edticas:<\/strong><\/p>\n<p>Esta web utiliza servicios de an\u00e1lisis, concretamente, Google Analytics para ayudar a la web a analizar el uso que hacen los usuarios del sitio web y mejorar la usabilidad del mismo, pero en ning\u00fan caso se asocian a datos que pudieran llegar a identificar al usuario. Google Analytics, es un servicio anal\u00edtico de web prestado por Google, Inc.<\/p>\n<p>Las cookies anal\u00edticas y de estad\u00edstica nos ayudan a comprender c\u00f3mo interact\u00faan los visitantes con nuestra web reuniendo y proporcionando informaci\u00f3n de forma an\u00f3nima.<\/p>\n<p><u>Seguimiento de conversiones de Facebook Ads (p\u00edxel de Facebook) (Facebook, Inc.)<\/u><\/p>\n<p>El Seguimiento de conversiones de Facebook Ads (p\u00edxel de Facebook) es un servicio de estad\u00edsticas prestado por Facebook, Inc. que conecta los datos de la red de publicidad de Facebook con las acciones realizadas en esta Aplicaci\u00f3n. El p\u00edxel de Facebook realiza un seguimiento de las conversiones que se pueden atribuir a los anuncios de Facebook, Instagram y Audience Network.<\/p>\n<p>Datos Personales recogidos: Cookie y Datos de uso.<\/p>\n<p>Lugar de tratamiento: EE.UU. \u2013 Pol\u00edtica de privacidad. Integrante del acuerdo Privacy Shield\u201d.<\/p>\n<p><strong>Cookies publicitarias y de retargenting<\/strong><\/p>\n<p>Las cookies de marketing se utilizan para rastrear a los visitantes en las p\u00e1ginas web. La intenci\u00f3n es mostrar anuncios relevantes y atractivos para el usuario individual, y, por lo tanto, m\u00e1s valiosos para los editores y terceros anunciantes.<\/p>\n<p>Este tipo de servicios permiten a esta Aplicaci\u00f3n y a sus partners distribuir, optimizar y mostrar anuncios publicitarios basados en el historial de uso de esta Aplicaci\u00f3n por el Usuario.<\/p>\n<p>Esta actividad se realiza rastreando los Datos de Uso y utilizando Cookies, informaci\u00f3n que es transferida a los partners que gestionan el remarketing y la actividad de retargeting.<\/p>\n<p>Adem\u00e1s de cualquier opci\u00f3n de \u201copt out\u201d ofrecida por cualquiera de los servicios que se indican a continuaci\u00f3n, el Usuario tambi\u00e9n puede optar por la exclusi\u00f3n del uso de cookies por servicios de terceros accediendo a la p\u00e1gina de exclusi\u00f3n de Network Advertising Initiative.<\/p>\n<p><strong>Entre las cookies publicitarias utilizadas en esta web est\u00e1n:<\/strong><\/p>\n<p><u>Facebook Remarketing (Facebook, Inc.)<\/u><\/p>\n<p>Facebook Remarketing es un servicio de remarketing y behavioral targeting prestado por Facebook, Inc. que conecta la actividad de esta Aplicaci\u00f3n con la red de publicidad de Facebook.<\/p>\n<h2>C\u00f3mo controlar las cookies<\/h2>\n<p>La mayor\u00eda de los navegadores permite a los usuarios controlar las cookies mediante las preferencias de configuraci\u00f3n, es posible que se resienta la experiencia general de uso, ya que no ser\u00e1 una experiencia personalizada. Tambi\u00e9n puede que no sea posible guardar valores de configuraci\u00f3n personalizados como la informaci\u00f3n de inicio de sesi\u00f3n. Proporcionamos los enlaces necesarios para configurar las opciones respecto a las cookies en cada navegador:<\/p>\n<p>\u25cf\u00a0<a href=\"https:\/\/support.google.com\/chrome\/answer\/95647?hl=es\" target=\"_blank\" rel=\"noopener noreferrer\">Google Chrome<\/a><br \/>\u25cf\u00a0<a href=\"https:\/\/support.microsoft.com\/en-us\/help\/260971\/description-of-cookies\" target=\"_blank\" rel=\"noopener noreferrer\">Internet Explorer<\/a><br \/>\u25cf\u00a0<a href=\"https:\/\/support.mozilla.org\/en-US\/kb\/cookies-information-websites-store-on-your-computer\" target=\"_blank\" rel=\"noopener noreferrer\">Mozilla Firefox<\/a><br \/>\u25cf\u00a0<a href=\"https:\/\/support.apple.com\/ca-es\/guide\/safari\/sfri11471\/mac\" target=\"_blank\" rel=\"noopener noreferrer\">Safari (versi\u00f3n escritorio)<\/a><br \/>\u25cf\u00a0<a href=\"https:\/\/support.apple.com\/en-us\/HT201265\" target=\"_blank\" rel=\"noopener noreferrer\">Safari (versi\u00f3n m\u00f3vil)<\/a><br \/>\u25cf\u00a0<a href=\"https:\/\/support.google.com\/android\/?hl=en&amp;answer=2425067#topic=7313011\" target=\"_blank\" rel=\"noopener noreferrer\">Navegador Android<\/a><br \/>\u25cf\u00a0<a href=\"https:\/\/www.opera.com\/es\/help\" target=\"_blank\" rel=\"noopener noreferrer\">Opera<\/a><br \/>\u25cf\u00a0<a href=\"https:\/\/help.opera.com\/es\/mobile\/android\/#privacy\" target=\"_blank\" rel=\"noopener noreferrer\">Opera (versi\u00f3n m\u00f3vil)<\/a><\/p>\n<h2>M\u00e1s informaci\u00f3n sobre las cookies<\/h2>\n<p>Puedes consultar el reglamento sobre cookies publicado por la Agencia Espa\u00f1ola de Protecci\u00f3n de Datos en su \u201c<a href=\"https:\/\/www.aepd.es\/sites\/default\/files\/2019-12\/guia-cookies_1.pdf\" target=\"_blank\" rel=\"noopener noreferrer\">Gu\u00eda sobre el uso de las cookies<\/a>\u201d y \u00a0obtener m\u00e1s informaci\u00f3n sobre las cookies en Internet,\u00a0<a href=\"http:\/\/www.aboutcookies.org\/\" target=\"_blank\" rel=\"noopener noreferrer\">http:\/\/www.aboutcookies.org\/<\/a><\/p>\n<p>Si desea tener un mayor control sobre la instalaci\u00f3n de cookies, puede instalar programas o complementos a su navegador, conocidos como herramientas de \u201cDo Not Track\u201d, que le permitir\u00e1n escoger aquellas cookies que desea permitir.<\/p>\n\t\t\t\t\t\t\t\t<\/div>\n\t\t\t\t<div class=\"elementor-element elementor-element-4469ecf elementor-widget elementor-widget-spacer\" data-id=\"4469ecf\" data-element_type=\"widget\" data-widget_type=\"spacer.default\">\n\t\t\t\t\t\t\t<div class=\"elementor-spacer\">\n\t\t\t<div class=\"elementor-spacer-inner\"><\/div>\n\t\t<\/div>\n\t\t\t\t\t\t<\/div>\n\t\t\t\t\t<\/div>\n\t\t<\/div>\n\t\t\t\t\t<\/div>\n\t\t<\/section>\n\t\t\t\t<\/div>\n\t\t","protected":false},"excerpt":{"rendered":"<p>Pol\u00edtica de cookies En esta web se recopila y utiliza la informaci\u00f3n seg\u00fan se indica en la pol\u00edtica&#8230;<\/p>\n","protected":false},"author":1,"featured_media":0,"parent":0,"menu_order":10,"comment_status":"closed","ping_status":"closed","template":"","meta":{"_acf_changed":false,"inline_featured_image":false,"footnotes":""},"class_list":["post-31131","page","type-page","status-publish","hentry"],"acf":[],"yoast_head":"<!-- This site is optimized with the Yoast SEO plugin v26.2 - https:\/\/yoast.com\/wordpress\/plugins\/seo\/ -->\n<title>La Curiosa<\/title>\n<meta name=\"description\" content=\"Cuando La Curiosa escucha los colores y las formas, los objetos cobran vida y bailan al ritmo de melod\u00edas y sonoridades incre\u00edbles. \u00bfQuieres curiosear?\" \/>\n<meta name=\"robots\" content=\"index, follow, max-snippet:-1, max-image-preview:large, max-video-preview:-1\" \/>\n<link rel=\"canonical\" href=\"https:\/\/lacuriosa.cat\/ca\/politica-de-cookies-ca\/\" \/>\n<meta property=\"og:locale\" content=\"ca_ES\" \/>\n<meta property=\"og:type\" content=\"article\" \/>\n<meta property=\"og:title\" content=\"La Curiosa\" \/>\n<meta property=\"og:description\" content=\"Cuando La Curiosa escucha los colores y las formas, los objetos cobran vida y bailan al ritmo de melod\u00edas y sonoridades incre\u00edbles. \u00bfQuieres curiosear?\" \/>\n<meta property=\"og:url\" content=\"https:\/\/lacuriosa.cat\/ca\/politica-de-cookies-ca\/\" \/>\n<meta property=\"og:site_name\" content=\"La Curiosa\" \/>\n<meta property=\"article:modified_time\" content=\"2025-07-28T17:38:39+00:00\" \/>\n<meta property=\"og:image\" content=\"https:\/\/lacuriosa.cat\/wp-content\/uploads\/2020\/09\/fbimage2020-color.jpg\" \/>\n\t<meta property=\"og:image:width\" content=\"1191\" \/>\n\t<meta property=\"og:image:height\" content=\"628\" \/>\n\t<meta property=\"og:image:type\" content=\"image\/jpeg\" \/>\n<meta name=\"twitter:card\" content=\"summary_large_image\" \/>\n<meta name=\"twitter:description\" content=\"Cuando La Curiosa escucha los colores y las formas, los objetos cobran vida y bailan al ritmo de melod\u00edas y sonoridades incre\u00edbles. \u00bfQuieres curiosear?\" \/>\n<meta name=\"twitter:image\" content=\"https:\/\/lacuriosa.cat\/wp-content\/uploads\/2020\/09\/fbimage2020-color.jpg\" \/>\n<meta name=\"twitter:label1\" content=\"Temps estimat de lectura\" \/>\n\t<meta name=\"twitter:data1\" content=\"5 minuts\" \/>\n<script type=\"application\/ld+json\" class=\"yoast-schema-graph\">{\"@context\":\"https:\/\/schema.org\",\"@graph\":[{\"@type\":\"WebPage\",\"@id\":\"https:\/\/lacuriosa.cat\/ca\/politica-de-cookies-ca\/\",\"url\":\"https:\/\/lacuriosa.cat\/ca\/politica-de-cookies-ca\/\",\"name\":\"La Curiosa\",\"isPartOf\":{\"@id\":\"https:\/\/lacuriosa.cat\/ca\/inici\/#website\"},\"datePublished\":\"2021-12-21T17:29:12+00:00\",\"dateModified\":\"2025-07-28T17:38:39+00:00\",\"description\":\"Cuando La Curiosa escucha los colores y las formas, los objetos cobran vida y bailan al ritmo de melod\u00edas y sonoridades incre\u00edbles. \u00bfQuieres curiosear?\",\"breadcrumb\":{\"@id\":\"https:\/\/lacuriosa.cat\/ca\/politica-de-cookies-ca\/#breadcrumb\"},\"inLanguage\":\"ca\",\"potentialAction\":[{\"@type\":\"ReadAction\",\"target\":[\"https:\/\/lacuriosa.cat\/ca\/politica-de-cookies-ca\/\"]}]},{\"@type\":\"BreadcrumbList\",\"@id\":\"https:\/\/lacuriosa.cat\/ca\/politica-de-cookies-ca\/#breadcrumb\",\"itemListElement\":[{\"@type\":\"ListItem\",\"position\":1,\"name\":\"Portada\",\"item\":\"https:\/\/lacuriosa.cat\/ca\/inici\/\"},{\"@type\":\"ListItem\",\"position\":2,\"name\":\"Pol\u00edtica de cookies\"}]},{\"@type\":\"WebSite\",\"@id\":\"https:\/\/lacuriosa.cat\/ca\/inici\/#website\",\"url\":\"https:\/\/lacuriosa.cat\/ca\/inici\/\",\"name\":\"La Curiosa\",\"description\":\"Espect\u00e1culo familiar de proyecciones y m\u00fasica en directo\",\"potentialAction\":[{\"@type\":\"SearchAction\",\"target\":{\"@type\":\"EntryPoint\",\"urlTemplate\":\"https:\/\/lacuriosa.cat\/ca\/inici\/?s={search_term_string}\"},\"query-input\":{\"@type\":\"PropertyValueSpecification\",\"valueRequired\":true,\"valueName\":\"search_term_string\"}}],\"inLanguage\":\"ca\"}]}<\/script>\n<!-- \/ Yoast SEO plugin. -->","yoast_head_json":{"title":"La Curiosa","description":"Cuando La Curiosa escucha los colores y las formas, los objetos cobran vida y bailan al ritmo de melod\u00edas y sonoridades incre\u00edbles. \u00bfQuieres curiosear?","robots":{"index":"index","follow":"follow","max-snippet":"max-snippet:-1","max-image-preview":"max-image-preview:large","max-video-preview":"max-video-preview:-1"},"canonical":"https:\/\/lacuriosa.cat\/ca\/politica-de-cookies-ca\/","og_locale":"ca_ES","og_type":"article","og_title":"La Curiosa","og_description":"Cuando La Curiosa escucha los colores y las formas, los objetos cobran vida y bailan al ritmo de melod\u00edas y sonoridades incre\u00edbles. \u00bfQuieres curiosear?","og_url":"https:\/\/lacuriosa.cat\/ca\/politica-de-cookies-ca\/","og_site_name":"La Curiosa","article_modified_time":"2025-07-28T17:38:39+00:00","og_image":[{"width":1191,"height":628,"url":"https:\/\/lacuriosa.cat\/wp-content\/uploads\/2020\/09\/fbimage2020-color.jpg","type":"image\/jpeg"}],"twitter_card":"summary_large_image","twitter_description":"Cuando La Curiosa escucha los colores y las formas, los objetos cobran vida y bailan al ritmo de melod\u00edas y sonoridades incre\u00edbles. \u00bfQuieres curiosear?","twitter_image":"https:\/\/lacuriosa.cat\/wp-content\/uploads\/2020\/09\/fbimage2020-color.jpg","twitter_misc":{"Temps estimat de lectura":"5 minuts"},"schema":{"@context":"https:\/\/schema.org","@graph":[{"@type":"WebPage","@id":"https:\/\/lacuriosa.cat\/ca\/politica-de-cookies-ca\/","url":"https:\/\/lacuriosa.cat\/ca\/politica-de-cookies-ca\/","name":"La Curiosa","isPartOf":{"@id":"https:\/\/lacuriosa.cat\/ca\/inici\/#website"},"datePublished":"2021-12-21T17:29:12+00:00","dateModified":"2025-07-28T17:38:39+00:00","description":"Cuando La Curiosa escucha los colores y las formas, los objetos cobran vida y bailan al ritmo de melod\u00edas y sonoridades incre\u00edbles. \u00bfQuieres curiosear?","breadcrumb":{"@id":"https:\/\/lacuriosa.cat\/ca\/politica-de-cookies-ca\/#breadcrumb"},"inLanguage":"ca","potentialAction":[{"@type":"ReadAction","target":["https:\/\/lacuriosa.cat\/ca\/politica-de-cookies-ca\/"]}]},{"@type":"BreadcrumbList","@id":"https:\/\/lacuriosa.cat\/ca\/politica-de-cookies-ca\/#breadcrumb","itemListElement":[{"@type":"ListItem","position":1,"name":"Portada","item":"https:\/\/lacuriosa.cat\/ca\/inici\/"},{"@type":"ListItem","position":2,"name":"Pol\u00edtica de cookies"}]},{"@type":"WebSite","@id":"https:\/\/lacuriosa.cat\/ca\/inici\/#website","url":"https:\/\/lacuriosa.cat\/ca\/inici\/","name":"La Curiosa","description":"Espect\u00e1culo familiar de proyecciones y m\u00fasica en directo","potentialAction":[{"@type":"SearchAction","target":{"@type":"EntryPoint","urlTemplate":"https:\/\/lacuriosa.cat\/ca\/inici\/?s={search_term_string}"},"query-input":{"@type":"PropertyValueSpecification","valueRequired":true,"valueName":"search_term_string"}}],"inLanguage":"ca"}]}},"_links":{"self":[{"href":"https:\/\/lacuriosa.cat\/ca\/wp-json\/wp\/v2\/pages\/31131","targetHints":{"allow":["GET"]}}],"collection":[{"href":"https:\/\/lacuriosa.cat\/ca\/wp-json\/wp\/v2\/pages"}],"about":[{"href":"https:\/\/lacuriosa.cat\/ca\/wp-json\/wp\/v2\/types\/page"}],"author":[{"embeddable":true,"href":"https:\/\/lacuriosa.cat\/ca\/wp-json\/wp\/v2\/users\/1"}],"replies":[{"embeddable":true,"href":"https:\/\/lacuriosa.cat\/ca\/wp-json\/wp\/v2\/comments?post=31131"}],"version-history":[{"count":0,"href":"https:\/\/lacuriosa.cat\/ca\/wp-json\/wp\/v2\/pages\/31131\/revisions"}],"wp:attachment":[{"href":"https:\/\/lacuriosa.cat\/ca\/wp-json\/wp\/v2\/media?parent=31131"}],"curies":[{"name":"wp","href":"https:\/\/api.w.org\/{rel}","templated":true}]}}