{"id":37279,"date":"2025-06-07T12:03:50","date_gmt":"2025-06-07T10:03:50","guid":{"rendered":"https:\/\/lacuriosa.cat\/?page_id=37279"},"modified":"2026-02-12T21:23:38","modified_gmt":"2026-02-12T19:23:38","slug":"muuuun","status":"publish","type":"page","link":"https:\/\/lacuriosa.cat\/ca\/muuuun\/","title":{"rendered":"Muuuun"},"content":{"rendered":"\t\t<div data-elementor-type=\"wp-post\" data-elementor-id=\"37279\" class=\"elementor elementor-37279 elementor-36116\">\n\t\t\t\t\t\t<section class=\"elementor-section elementor-top-section elementor-element elementor-element-d47eb3e elementor-section-full_width elementor-section-height-min-height elementor-section-height-default elementor-section-items-middle\" data-id=\"d47eb3e\" data-element_type=\"section\" data-settings=\"{&quot;background_background&quot;:&quot;classic&quot;}\">\n\t\t\t\t\t\t\t<div class=\"elementor-background-overlay\"><\/div>\n\t\t\t\t\t\t\t<div class=\"elementor-container elementor-column-gap-default\">\n\t\t\t\t\t<div class=\"elementor-column elementor-col-100 elementor-top-column elementor-element elementor-element-84234e0\" data-id=\"84234e0\" data-element_type=\"column\" data-settings=\"{&quot;background_background&quot;:&quot;classic&quot;}\">\n\t\t\t<div class=\"elementor-widget-wrap elementor-element-populated\">\n\t\t\t\t\t\t<section class=\"elementor-section elementor-inner-section elementor-element elementor-element-50d8100 elementor-section-full_width elementor-section-height-default elementor-section-height-default neuron-fixed-no\" data-id=\"50d8100\" data-element_type=\"section\">\n\t\t\t\t\t\t<div class=\"elementor-container elementor-column-gap-default\">\n\t\t\t\t\t<div class=\"elementor-column elementor-col-50 elementor-inner-column elementor-element elementor-element-a3657ae\" data-id=\"a3657ae\" data-element_type=\"column\" data-settings=\"{&quot;background_background&quot;:&quot;classic&quot;}\">\n\t\t\t<div class=\"elementor-widget-wrap elementor-element-populated\">\n\t\t\t\t\t\t<div class=\"elementor-element elementor-element-6845f13 elementor-widget elementor-widget-spacer\" data-id=\"6845f13\" data-element_type=\"widget\" data-widget_type=\"spacer.default\">\n\t\t\t\t\t\t\t<div class=\"elementor-spacer\">\n\t\t\t<div class=\"elementor-spacer-inner\"><\/div>\n\t\t<\/div>\n\t\t\t\t\t\t<\/div>\n\t\t\t\t<div class=\"elementor-element elementor-element-f233a87 elementor-widget elementor-widget-heading\" data-id=\"f233a87\" data-element_type=\"widget\" data-widget_type=\"heading.default\">\n\t\t\t\t\t<h1 class=\"elementor-heading-title elementor-size-default\">MUUUUN<\/h1>\t\t\t\t<\/div>\n\t\t\t\t<div class=\"elementor-element elementor-element-71c115d elementor-widget elementor-widget-text-editor\" data-id=\"71c115d\" data-element_type=\"widget\" data-widget_type=\"text-editor.default\">\n\t\t\t\t\t\t\t\t\t<p>MUUUUN\u00a0\u00e9s un viatge que neix des de l&#8217;abstracci\u00f3 i que, a poc a poc, ens descobreix un nou planeta on es parla un llenguatge diferent. \u00c9s un espectacle que sorgeix del joc, de l&#8217;exploraci\u00f3 i de la cerca sense paraules d&#8217;un llenguatge com\u00fa. L&#8217;expressi\u00f3 pl\u00e0stica i la musical interaccionen en un espai \u00edntim i pr\u00f2xim. El moviment d&#8217;una inspira els sons, la musicalitat de l&#8217;altra ens omple de colors i formes.<\/p>\t\t\t\t\t\t\t\t<\/div>\n\t\t\t\t\t<\/div>\n\t\t<\/div>\n\t\t\t\t<div class=\"elementor-column elementor-col-50 elementor-inner-column elementor-element elementor-element-eb1d2b6\" data-id=\"eb1d2b6\" data-element_type=\"column\" data-settings=\"{&quot;background_background&quot;:&quot;slideshow&quot;,&quot;background_slideshow_gallery&quot;:[{&quot;id&quot;:37102,&quot;url&quot;:&quot;https:\\\/\\\/lacuriosa.cat\\\/wp-content\\\/uploads\\\/2025\\\/07\\\/FRAME_MUUUM_6_opti.jpg&quot;},{&quot;id&quot;:37094,&quot;url&quot;:&quot;https:\\\/\\\/lacuriosa.cat\\\/wp-content\\\/uploads\\\/2025\\\/07\\\/FRAME_MUUUM_3_opti.jpg&quot;},{&quot;id&quot;:37098,&quot;url&quot;:&quot;https:\\\/\\\/lacuriosa.cat\\\/wp-content\\\/uploads\\\/2025\\\/07\\\/FRAME_MUUUM_5_opti.jpg&quot;},{&quot;id&quot;:35772,&quot;url&quot;:&quot;https:\\\/\\\/lacuriosa.cat\\\/wp-content\\\/uploads\\\/2025\\\/03\\\/MUUUUN_cover_1000x700_A.jpg&quot;},{&quot;id&quot;:36227,&quot;url&quot;:&quot;https:\\\/\\\/lacuriosa.cat\\\/wp-content\\\/uploads\\\/2025\\\/06\\\/MUUUUN_01_1000x700.jpg&quot;}],&quot;background_slideshow_slide_duration&quot;:1000,&quot;background_slideshow_transition_duration&quot;:3000,&quot;background_slideshow_loop&quot;:&quot;yes&quot;,&quot;background_slideshow_slide_transition&quot;:&quot;fade&quot;}\">\n\t\t\t<div class=\"elementor-widget-wrap elementor-element-populated\">\n\t\t\t\t\t\t<div class=\"elementor-element elementor-element-4d103d1 elementor-widget elementor-widget-spacer\" data-id=\"4d103d1\" data-element_type=\"widget\" data-widget_type=\"spacer.default\">\n\t\t\t\t\t\t\t<div class=\"elementor-spacer\">\n\t\t\t<div class=\"elementor-spacer-inner\"><\/div>\n\t\t<\/div>\n\t\t\t\t\t\t<\/div>\n\t\t\t\t\t<\/div>\n\t\t<\/div>\n\t\t\t\t\t<\/div>\n\t\t<\/section>\n\t\t\t\t\t<\/div>\n\t\t<\/div>\n\t\t\t\t\t<\/div>\n\t\t<\/section>\n\t\t\t\t<section class=\"elementor-section elementor-top-section elementor-element elementor-element-20a41dc elementor-section-full_width elementor-section-height-min-height elementor-section-height-default elementor-section-items-middle\" data-id=\"20a41dc\" data-element_type=\"section\" data-settings=\"{&quot;background_background&quot;:&quot;classic&quot;}\">\n\t\t\t\t\t\t\t<div class=\"elementor-background-overlay\"><\/div>\n\t\t\t\t\t\t\t<div class=\"elementor-container elementor-column-gap-default\">\n\t\t\t\t\t<div class=\"elementor-column elementor-col-100 elementor-top-column elementor-element elementor-element-a7c29f6\" data-id=\"a7c29f6\" data-element_type=\"column\" data-settings=\"{&quot;background_background&quot;:&quot;classic&quot;}\">\n\t\t\t<div class=\"elementor-widget-wrap elementor-element-populated\">\n\t\t\t\t\t\t<section class=\"elementor-section elementor-inner-section elementor-element elementor-element-8d87c41 elementor-section-full_width elementor-reverse-tablet elementor-reverse-mobile elementor-section-height-default elementor-section-height-default neuron-fixed-no\" data-id=\"8d87c41\" data-element_type=\"section\">\n\t\t\t\t\t\t<div class=\"elementor-container elementor-column-gap-default\">\n\t\t\t\t\t<div class=\"elementor-column elementor-col-50 elementor-inner-column elementor-element elementor-element-9dfa716 video-modal-container\" data-id=\"9dfa716\" data-element_type=\"column\" data-settings=\"{&quot;background_background&quot;:&quot;classic&quot;}\">\n\t\t\t<div class=\"elementor-widget-wrap elementor-element-populated\">\n\t\t\t\t\t\t<div class=\"elementor-element elementor-element-c86291b elementor-widget elementor-widget-spacer\" data-id=\"c86291b\" data-element_type=\"widget\" data-widget_type=\"spacer.default\">\n\t\t\t\t\t\t\t<div class=\"elementor-spacer\">\n\t\t\t<div class=\"elementor-spacer-inner\"><\/div>\n\t\t<\/div>\n\t\t\t\t\t\t<\/div>\n\t\t\t\t<div class=\"elementor-element elementor-element-1c2a52f elementor-widget elementor-widget-mdp-modalier-elementor\" data-id=\"1c2a52f\" data-element_type=\"widget\" data-widget_type=\"mdp-modalier-elementor.default\">\n\t\t\t\t<div class=\"elementor-widget-container\">\n\t\t\t\t\t\n        <div id=\"mdp-modalier-a1c2a52f\"\n             class=\"mdp-modalier-container-1c2a52f mdp-modalier-box\"\n             data-post-id=\"37279\"\n             data-widget-id=\"1c2a52f\"\n             data-type=\"video\"\n             data-typeEvents=\"button\"\n             data-modalierScroll=\"0\"\n             data-modalierTimeout=\"0\"\n             data-fullscreen=\"false\"\n             data-animation=\"fade\"\n             data-animationSpeed=\"300\"\n             data-closeViaKeypress=\"false\"\n             data-displayCloseButton=\"true\"\n             data-closeViaOverlay=\"true\"\n             data-popupTitle=\"\"\n             data-closeText=\"\"\n             data-closeAriaLabel=\"\"\n             data-galleryActiveClass=\"\"\n             data-outerControls=\"false\"\n             data-width=\"700\"\n             data-height=\"500\"\n             data-background-a1c2a52f=\"#000000\"\n             data-opacity=\"0.5\"\n             data-openLimit=\"0\"\n             data-contentSource=\"\"\n                     >\n\n        <div style=\"text-align: center;\"><a href=\"https:\/\/lacuriosa.cat\/wp-content\/uploads\/2025\/09\/Muuuun_Teaser_0925.mp4\" class=\"mpd-modalier-button mdp-modalier-a1c2a52f \"><\/a><\/div>        <\/div>\n\n        \n        <script>\n            document.addEventListener('DOMContentLoaded', function () {\n\n                let sectionID = document.querySelectorAll( '#a1c2a52f' );\n                for( let i = 0; sectionID.length - 1 >= i; i++ ){\n                    let classContains = sectionID[i].classList.contains( 'a1c2a52f');\n                    if( classContains !== undefined  ){\n                        sectionID[i].classList.remove( 'a1c2a52f' );\n                    }\n                }\n\n                \n\t            \n                var observer_1c2a52f = new MutationObserver( list => {\n\n                    let widthDevice, heightDevice;\n\n                    if( list[0].target.attributes[1] !== undefined ){\n                        let newDevice = list[0].target.attributes[1].nodeValue;\n\n                        if( newDevice === 'desktop' ){\n                            widthDevice  = 700;\n                            heightDevice = 500;\n                        }else if( newDevice === 'tablet' ){\n                            widthDevice  = 600;\n                            heightDevice = 450;\n                        } else if( newDevice === 'mobile' ){\n                            widthDevice  = 320;\n                            heightDevice = 400;\n                        }\n\n                        window.Modalier( 'a1c2a52f', widthDevice, heightDevice );\n\n                    }\n\n                } );\n\n                observer_1c2a52f.observe( document.body, { attributes: true });\n\n            } );\n\n        <\/script>\n\n        \t\t\t\t<\/div>\n\t\t\t\t<\/div>\n\t\t\t\t<div class=\"elementor-element elementor-element-711c8d7 elementor-widget elementor-widget-spacer\" data-id=\"711c8d7\" data-element_type=\"widget\" data-widget_type=\"spacer.default\">\n\t\t\t\t\t\t\t<div class=\"elementor-spacer\">\n\t\t\t<div class=\"elementor-spacer-inner\"><\/div>\n\t\t<\/div>\n\t\t\t\t\t\t<\/div>\n\t\t\t\t\t<\/div>\n\t\t<\/div>\n\t\t\t\t<div class=\"elementor-column elementor-col-50 elementor-inner-column elementor-element elementor-element-9e31839\" data-id=\"9e31839\" data-element_type=\"column\" data-settings=\"{&quot;background_background&quot;:&quot;classic&quot;}\">\n\t\t\t<div class=\"elementor-widget-wrap elementor-element-populated\">\n\t\t\t\t\t\t<div class=\"elementor-element elementor-element-66b9666 elementor-widget elementor-widget-text-editor\" data-id=\"66b9666\" data-element_type=\"widget\" data-widget_type=\"text-editor.default\">\n\t\t\t\t\t\t\t\t\t<p>MUUUUN\u00a0consta de 6 petites peces, que nosaltres denominem Quadres Sonors. Al ritme de la m\u00fasica i amb les possibilitats que ofereix la llum del projector combinada amb diferents materials, les imatges es van creant i desenvolupant en directe.<\/p>\t\t\t\t\t\t\t\t<\/div>\n\t\t\t\t\t<\/div>\n\t\t<\/div>\n\t\t\t\t\t<\/div>\n\t\t<\/section>\n\t\t\t\t\t<\/div>\n\t\t<\/div>\n\t\t\t\t\t<\/div>\n\t\t<\/section>\n\t\t\t\t<section class=\"elementor-section elementor-top-section elementor-element elementor-element-8516ee2 elementor-section-full_width elementor-section-height-min-height .show-container--light  elementor-section-height-default elementor-section-items-middle\" data-id=\"8516ee2\" data-element_type=\"section\" data-settings=\"{&quot;background_background&quot;:&quot;classic&quot;}\">\n\t\t\t\t\t\t\t<div class=\"elementor-background-overlay\"><\/div>\n\t\t\t\t\t\t\t<div class=\"elementor-container elementor-column-gap-default\">\n\t\t\t\t\t<div class=\"elementor-column elementor-col-100 elementor-top-column elementor-element elementor-element-5619932\" data-id=\"5619932\" data-element_type=\"column\" data-settings=\"{&quot;background_background&quot;:&quot;classic&quot;}\">\n\t\t\t<div class=\"elementor-widget-wrap elementor-element-populated\">\n\t\t\t\t\t\t<section class=\"elementor-section elementor-inner-section elementor-element elementor-element-88b7ccb elementor-section-full_width elementor-section-height-default elementor-section-height-default neuron-fixed-no\" data-id=\"88b7ccb\" data-element_type=\"section\">\n\t\t\t\t\t\t<div class=\"elementor-container elementor-column-gap-default\">\n\t\t\t\t\t<div class=\"elementor-column elementor-col-50 elementor-inner-column elementor-element elementor-element-ed6356a\" data-id=\"ed6356a\" data-element_type=\"column\" data-settings=\"{&quot;background_background&quot;:&quot;classic&quot;}\">\n\t\t\t<div class=\"elementor-widget-wrap elementor-element-populated\">\n\t\t\t\t\t\t<div class=\"elementor-element elementor-element-edaa475 elementor-widget elementor-widget-heading\" data-id=\"edaa475\" data-element_type=\"widget\" data-widget_type=\"heading.default\">\n\t\t\t\t\t<h3 class=\"elementor-heading-title elementor-size-default\">Vols saber m\u00e9s sobre \u00abMUUUUN\u00bb?<\/h3>\t\t\t\t<\/div>\n\t\t\t\t<div class=\"elementor-element elementor-element-8dae5c3 elementor-align-left elementor-widget__width-auto elementor-widget elementor-widget-button\" data-id=\"8dae5c3\" data-element_type=\"widget\" data-widget_type=\"button.default\">\n\t\t\t\t\t\t\t\t\t\t<a class=\"elementor-button elementor-button-link elementor-size-sm\" href=\"https:\/\/lacuriosa.cat\/wp-content\/uploads\/2025\/07\/MUUUUN_Dossier_CATALA_30-04-2024.pdf\" target=\"_blank\">\n\t\t\t\t\t\t<span class=\"elementor-button-content-wrapper\">\n\t\t\t\t\t\t<span class=\"elementor-button-icon\">\n\t\t\t\t<svg aria-hidden=\"true\" class=\"e-font-icon-svg e-far-arrow-alt-circle-down\" viewBox=\"0 0 512 512\" xmlns=\"http:\/\/www.w3.org\/2000\/svg\"><path d=\"M256 8C119 8 8 119 8 256s111 248 248 248 248-111 248-248S393 8 256 8zm0 448c-110.5 0-200-89.5-200-200S145.5 56 256 56s200 89.5 200 200-89.5 200-200 200zm-32-316v116h-67c-10.7 0-16 12.9-8.5 20.5l99 99c4.7 4.7 12.3 4.7 17 0l99-99c7.6-7.6 2.2-20.5-8.5-20.5h-67V140c0-6.6-5.4-12-12-12h-40c-6.6 0-12 5.4-12 12z\"><\/path><\/svg>\t\t\t<\/span>\n\t\t\t\t\t\t\t\t\t<span class=\"elementor-button-text\">Dossier<\/span>\n\t\t\t\t\t<\/span>\n\t\t\t\t\t<\/a>\n\t\t\t\t\t\t\t\t<\/div>\n\t\t\t\t<div class=\"elementor-element elementor-element-fe5eb13 elementor-align-left elementor-widget__width-auto elementor-widget elementor-widget-button\" data-id=\"fe5eb13\" data-element_type=\"widget\" data-widget_type=\"button.default\">\n\t\t\t\t\t\t\t\t\t\t<a class=\"elementor-button elementor-button-link elementor-size-sm\" href=\"https:\/\/lacuriosa.cat\/wp-content\/uploads\/2025\/07\/MUUUUNPoster_A3_vertical_limpio-scaled.jpg\" target=\"_blank\">\n\t\t\t\t\t\t<span class=\"elementor-button-content-wrapper\">\n\t\t\t\t\t\t<span class=\"elementor-button-icon\">\n\t\t\t\t<svg aria-hidden=\"true\" class=\"e-font-icon-svg e-far-arrow-alt-circle-down\" viewBox=\"0 0 512 512\" xmlns=\"http:\/\/www.w3.org\/2000\/svg\"><path d=\"M256 8C119 8 8 119 8 256s111 248 248 248 248-111 248-248S393 8 256 8zm0 448c-110.5 0-200-89.5-200-200S145.5 56 256 56s200 89.5 200 200-89.5 200-200 200zm-32-316v116h-67c-10.7 0-16 12.9-8.5 20.5l99 99c4.7 4.7 12.3 4.7 17 0l99-99c7.6-7.6 2.2-20.5-8.5-20.5h-67V140c0-6.6-5.4-12-12-12h-40c-6.6 0-12 5.4-12 12z\"><\/path><\/svg>\t\t\t<\/span>\n\t\t\t\t\t\t\t\t\t<span class=\"elementor-button-text\">Cartell<\/span>\n\t\t\t\t\t<\/span>\n\t\t\t\t\t<\/a>\n\t\t\t\t\t\t\t\t<\/div>\n\t\t\t\t\t<\/div>\n\t\t<\/div>\n\t\t\t\t<div class=\"elementor-column elementor-col-50 elementor-inner-column elementor-element elementor-element-b2e31ad\" data-id=\"b2e31ad\" data-element_type=\"column\" data-settings=\"{&quot;background_background&quot;:&quot;slideshow&quot;,&quot;background_slideshow_gallery&quot;:[{&quot;id&quot;:36235,&quot;url&quot;:&quot;https:\\\/\\\/lacuriosa.cat\\\/wp-content\\\/uploads\\\/2025\\\/06\\\/MUUUUN_03_1000x700.jpg&quot;}],&quot;background_slideshow_slide_duration&quot;:1000,&quot;background_slideshow_transition_duration&quot;:3000,&quot;background_slideshow_loop&quot;:&quot;yes&quot;,&quot;background_slideshow_slide_transition&quot;:&quot;fade&quot;}\">\n\t\t\t<div class=\"elementor-widget-wrap elementor-element-populated\">\n\t\t\t\t\t\t<div class=\"elementor-element elementor-element-0adcc06 elementor-widget elementor-widget-spacer\" data-id=\"0adcc06\" data-element_type=\"widget\" data-widget_type=\"spacer.default\">\n\t\t\t\t\t\t\t<div class=\"elementor-spacer\">\n\t\t\t<div class=\"elementor-spacer-inner\"><\/div>\n\t\t<\/div>\n\t\t\t\t\t\t<\/div>\n\t\t\t\t\t<\/div>\n\t\t<\/div>\n\t\t\t\t\t<\/div>\n\t\t<\/section>\n\t\t\t\t\t<\/div>\n\t\t<\/div>\n\t\t\t\t\t<\/div>\n\t\t<\/section>\n\t\t\t\t<section class=\"elementor-section elementor-top-section elementor-element elementor-element-3ca88b0 elementor-section-full_width elementor-section-height-min-height elementor-section-height-default elementor-section-items-middle\" data-id=\"3ca88b0\" data-element_type=\"section\" data-settings=\"{&quot;background_background&quot;:&quot;classic&quot;}\">\n\t\t\t\t\t\t\t<div class=\"elementor-background-overlay\"><\/div>\n\t\t\t\t\t\t\t<div class=\"elementor-container elementor-column-gap-default\">\n\t\t\t\t\t<div class=\"elementor-column elementor-col-100 elementor-top-column elementor-element elementor-element-d8083bc\" data-id=\"d8083bc\" data-element_type=\"column\" data-settings=\"{&quot;background_background&quot;:&quot;classic&quot;}\">\n\t\t\t<div class=\"elementor-widget-wrap elementor-element-populated\">\n\t\t\t\t\t\t<section class=\"elementor-section elementor-inner-section elementor-element elementor-element-d6b1506 elementor-section-full_width elementor-reverse-tablet elementor-reverse-mobile elementor-section-height-default elementor-section-height-default neuron-fixed-no\" data-id=\"d6b1506\" data-element_type=\"section\">\n\t\t\t\t\t\t<div class=\"elementor-container elementor-column-gap-default\">\n\t\t\t\t\t<div class=\"elementor-column elementor-col-50 elementor-inner-column elementor-element elementor-element-8fa9dd0\" data-id=\"8fa9dd0\" data-element_type=\"column\" data-settings=\"{&quot;background_background&quot;:&quot;classic&quot;}\">\n\t\t\t<div class=\"elementor-widget-wrap elementor-element-populated\">\n\t\t\t\t\t\t<div class=\"elementor-element elementor-element-d9d04b0 elementor-widget elementor-widget-spacer\" data-id=\"d9d04b0\" data-element_type=\"widget\" data-widget_type=\"spacer.default\">\n\t\t\t\t\t\t\t<div class=\"elementor-spacer\">\n\t\t\t<div class=\"elementor-spacer-inner\"><\/div>\n\t\t<\/div>\n\t\t\t\t\t\t<\/div>\n\t\t\t\t\t<\/div>\n\t\t<\/div>\n\t\t\t\t<div class=\"elementor-column elementor-col-50 elementor-inner-column elementor-element elementor-element-c696ad2\" data-id=\"c696ad2\" data-element_type=\"column\" data-settings=\"{&quot;background_background&quot;:&quot;classic&quot;}\">\n\t\t\t<div class=\"elementor-widget-wrap elementor-element-populated\">\n\t\t\t\t\t\t<div class=\"elementor-element elementor-element-ba8397e elementor-widget elementor-widget-heading\" data-id=\"ba8397e\" data-element_type=\"widget\" data-widget_type=\"heading.default\">\n\t\t\t\t\t<h2 class=\"elementor-heading-title elementor-size-default\">Distribuci\u00f3<\/h2>\t\t\t\t<\/div>\n\t\t\t\t<div class=\"elementor-element elementor-element-a87cb0c elementor-widget elementor-widget-text-editor\" data-id=\"a87cb0c\" data-element_type=\"widget\" data-widget_type=\"text-editor.default\">\n\t\t\t\t\t\t\t\t\t<p>Distribuci\u00f3 Catalunya i Nacional<br \/>MonicaDeGira M\u00f2nica Gen\u00e9<br \/>monica@monicadegira.com<br \/>Tel. +34 671036421<\/p>\t\t\t\t\t\t\t\t<\/div>\n\t\t\t\t\t<\/div>\n\t\t<\/div>\n\t\t\t\t\t<\/div>\n\t\t<\/section>\n\t\t\t\t\t<\/div>\n\t\t<\/div>\n\t\t\t\t\t<\/div>\n\t\t<\/section>\n\t\t\t\t<\/div>\n\t\t","protected":false},"excerpt":{"rendered":"<p>MUUUUN MUUUUN\u00a0\u00e9s un viatge que neix des de l&#8217;abstracci\u00f3 i que, a poc a poc, ens descobreix un&#8230;<\/p>\n","protected":false},"author":1,"featured_media":0,"parent":0,"menu_order":10,"comment_status":"closed","ping_status":"closed","template":"","meta":{"_acf_changed":false,"inline_featured_image":false,"footnotes":""},"class_list":["post-37279","page","type-page","status-publish","hentry"],"acf":[],"yoast_head":"<!-- This site is optimized with the Yoast SEO plugin v26.2 - https:\/\/yoast.com\/wordpress\/plugins\/seo\/ -->\n<title>La Curiosa<\/title>\n<meta name=\"description\" content=\"Cuando La Curiosa escucha los colores y las formas, los objetos cobran vida y bailan al ritmo de melod\u00edas y sonoridades incre\u00edbles. \u00bfQuieres curiosear?\" \/>\n<meta name=\"robots\" content=\"index, follow, max-snippet:-1, max-image-preview:large, max-video-preview:-1\" \/>\n<link rel=\"canonical\" href=\"https:\/\/lacuriosa.cat\/ca\/muuuun\/\" \/>\n<meta property=\"og:locale\" content=\"ca_ES\" \/>\n<meta property=\"og:type\" content=\"article\" \/>\n<meta property=\"og:title\" content=\"La Curiosa\" \/>\n<meta property=\"og:description\" content=\"Cuando La Curiosa escucha los colores y las formas, los objetos cobran vida y bailan al ritmo de melod\u00edas y sonoridades incre\u00edbles. \u00bfQuieres curiosear?\" \/>\n<meta property=\"og:url\" content=\"https:\/\/lacuriosa.cat\/ca\/muuuun\/\" \/>\n<meta property=\"og:site_name\" content=\"La Curiosa\" \/>\n<meta property=\"article:modified_time\" content=\"2026-02-12T19:23:38+00:00\" \/>\n<meta property=\"og:image\" content=\"https:\/\/lacuriosa.cat\/wp-content\/uploads\/2020\/09\/fbimage2020-color.jpg\" \/>\n\t<meta property=\"og:image:width\" content=\"1191\" \/>\n\t<meta property=\"og:image:height\" content=\"628\" \/>\n\t<meta property=\"og:image:type\" content=\"image\/jpeg\" \/>\n<meta name=\"twitter:card\" content=\"summary_large_image\" \/>\n<meta name=\"twitter:description\" content=\"Cuando La Curiosa escucha los colores y las formas, los objetos cobran vida y bailan al ritmo de melod\u00edas y sonoridades incre\u00edbles. \u00bfQuieres curiosear?\" \/>\n<meta name=\"twitter:image\" content=\"https:\/\/lacuriosa.cat\/wp-content\/uploads\/2020\/09\/fbimage2020-color.jpg\" \/>\n<script type=\"application\/ld+json\" class=\"yoast-schema-graph\">{\"@context\":\"https:\/\/schema.org\",\"@graph\":[{\"@type\":\"WebPage\",\"@id\":\"https:\/\/lacuriosa.cat\/ca\/muuuun\/\",\"url\":\"https:\/\/lacuriosa.cat\/ca\/muuuun\/\",\"name\":\"La Curiosa\",\"isPartOf\":{\"@id\":\"https:\/\/lacuriosa.cat\/ca\/inici\/#website\"},\"datePublished\":\"2025-06-07T10:03:50+00:00\",\"dateModified\":\"2026-02-12T19:23:38+00:00\",\"description\":\"Cuando La Curiosa escucha los colores y las formas, los objetos cobran vida y bailan al ritmo de melod\u00edas y sonoridades incre\u00edbles. \u00bfQuieres curiosear?\",\"breadcrumb\":{\"@id\":\"https:\/\/lacuriosa.cat\/ca\/muuuun\/#breadcrumb\"},\"inLanguage\":\"ca\",\"potentialAction\":[{\"@type\":\"ReadAction\",\"target\":[\"https:\/\/lacuriosa.cat\/ca\/muuuun\/\"]}]},{\"@type\":\"BreadcrumbList\",\"@id\":\"https:\/\/lacuriosa.cat\/ca\/muuuun\/#breadcrumb\",\"itemListElement\":[{\"@type\":\"ListItem\",\"position\":1,\"name\":\"Portada\",\"item\":\"https:\/\/lacuriosa.cat\/ca\/inici\/\"},{\"@type\":\"ListItem\",\"position\":2,\"name\":\"Muuuun\"}]},{\"@type\":\"WebSite\",\"@id\":\"https:\/\/lacuriosa.cat\/ca\/inici\/#website\",\"url\":\"https:\/\/lacuriosa.cat\/ca\/inici\/\",\"name\":\"La Curiosa\",\"description\":\"Espect\u00e1culo familiar de proyecciones y m\u00fasica en directo\",\"potentialAction\":[{\"@type\":\"SearchAction\",\"target\":{\"@type\":\"EntryPoint\",\"urlTemplate\":\"https:\/\/lacuriosa.cat\/ca\/inici\/?s={search_term_string}\"},\"query-input\":{\"@type\":\"PropertyValueSpecification\",\"valueRequired\":true,\"valueName\":\"search_term_string\"}}],\"inLanguage\":\"ca\"}]}<\/script>\n<!-- \/ Yoast SEO plugin. -->","yoast_head_json":{"title":"La Curiosa","description":"Cuando La Curiosa escucha los colores y las formas, los objetos cobran vida y bailan al ritmo de melod\u00edas y sonoridades incre\u00edbles. \u00bfQuieres curiosear?","robots":{"index":"index","follow":"follow","max-snippet":"max-snippet:-1","max-image-preview":"max-image-preview:large","max-video-preview":"max-video-preview:-1"},"canonical":"https:\/\/lacuriosa.cat\/ca\/muuuun\/","og_locale":"ca_ES","og_type":"article","og_title":"La Curiosa","og_description":"Cuando La Curiosa escucha los colores y las formas, los objetos cobran vida y bailan al ritmo de melod\u00edas y sonoridades incre\u00edbles. \u00bfQuieres curiosear?","og_url":"https:\/\/lacuriosa.cat\/ca\/muuuun\/","og_site_name":"La Curiosa","article_modified_time":"2026-02-12T19:23:38+00:00","og_image":[{"width":1191,"height":628,"url":"https:\/\/lacuriosa.cat\/wp-content\/uploads\/2020\/09\/fbimage2020-color.jpg","type":"image\/jpeg"}],"twitter_card":"summary_large_image","twitter_description":"Cuando La Curiosa escucha los colores y las formas, los objetos cobran vida y bailan al ritmo de melod\u00edas y sonoridades incre\u00edbles. \u00bfQuieres curiosear?","twitter_image":"https:\/\/lacuriosa.cat\/wp-content\/uploads\/2020\/09\/fbimage2020-color.jpg","schema":{"@context":"https:\/\/schema.org","@graph":[{"@type":"WebPage","@id":"https:\/\/lacuriosa.cat\/ca\/muuuun\/","url":"https:\/\/lacuriosa.cat\/ca\/muuuun\/","name":"La Curiosa","isPartOf":{"@id":"https:\/\/lacuriosa.cat\/ca\/inici\/#website"},"datePublished":"2025-06-07T10:03:50+00:00","dateModified":"2026-02-12T19:23:38+00:00","description":"Cuando La Curiosa escucha los colores y las formas, los objetos cobran vida y bailan al ritmo de melod\u00edas y sonoridades incre\u00edbles. \u00bfQuieres curiosear?","breadcrumb":{"@id":"https:\/\/lacuriosa.cat\/ca\/muuuun\/#breadcrumb"},"inLanguage":"ca","potentialAction":[{"@type":"ReadAction","target":["https:\/\/lacuriosa.cat\/ca\/muuuun\/"]}]},{"@type":"BreadcrumbList","@id":"https:\/\/lacuriosa.cat\/ca\/muuuun\/#breadcrumb","itemListElement":[{"@type":"ListItem","position":1,"name":"Portada","item":"https:\/\/lacuriosa.cat\/ca\/inici\/"},{"@type":"ListItem","position":2,"name":"Muuuun"}]},{"@type":"WebSite","@id":"https:\/\/lacuriosa.cat\/ca\/inici\/#website","url":"https:\/\/lacuriosa.cat\/ca\/inici\/","name":"La Curiosa","description":"Espect\u00e1culo familiar de proyecciones y m\u00fasica en directo","potentialAction":[{"@type":"SearchAction","target":{"@type":"EntryPoint","urlTemplate":"https:\/\/lacuriosa.cat\/ca\/inici\/?s={search_term_string}"},"query-input":{"@type":"PropertyValueSpecification","valueRequired":true,"valueName":"search_term_string"}}],"inLanguage":"ca"}]}},"_links":{"self":[{"href":"https:\/\/lacuriosa.cat\/ca\/wp-json\/wp\/v2\/pages\/37279","targetHints":{"allow":["GET"]}}],"collection":[{"href":"https:\/\/lacuriosa.cat\/ca\/wp-json\/wp\/v2\/pages"}],"about":[{"href":"https:\/\/lacuriosa.cat\/ca\/wp-json\/wp\/v2\/types\/page"}],"author":[{"embeddable":true,"href":"https:\/\/lacuriosa.cat\/ca\/wp-json\/wp\/v2\/users\/1"}],"replies":[{"embeddable":true,"href":"https:\/\/lacuriosa.cat\/ca\/wp-json\/wp\/v2\/comments?post=37279"}],"version-history":[{"count":6,"href":"https:\/\/lacuriosa.cat\/ca\/wp-json\/wp\/v2\/pages\/37279\/revisions"}],"predecessor-version":[{"id":37858,"href":"https:\/\/lacuriosa.cat\/ca\/wp-json\/wp\/v2\/pages\/37279\/revisions\/37858"}],"wp:attachment":[{"href":"https:\/\/lacuriosa.cat\/ca\/wp-json\/wp\/v2\/media?parent=37279"}],"curies":[{"name":"wp","href":"https:\/\/api.w.org\/{rel}","templated":true}]}}