{"id":37383,"date":"2025-03-08T17:04:37","date_gmt":"2025-03-08T15:04:37","guid":{"rendered":"https:\/\/lacuriosa.cat\/la-compania\/"},"modified":"2025-07-28T18:17:11","modified_gmt":"2025-07-28T16:17:11","slug":"la-companyia","status":"publish","type":"page","link":"https:\/\/lacuriosa.cat\/ca\/la-companyia\/","title":{"rendered":"La Companyia"},"content":{"rendered":"\t\t<div data-elementor-type=\"wp-post\" data-elementor-id=\"37383\" class=\"elementor elementor-37383 elementor-35676\">\n\t\t\t\t\t\t<section class=\"elementor-section elementor-top-section elementor-element elementor-element-8c8dffe show-container--light elementor-section-full_width elementor-section-height-min-height elementor-section-height-default elementor-section-items-middle\" data-id=\"8c8dffe\" data-element_type=\"section\" data-settings=\"{&quot;background_background&quot;:&quot;classic&quot;}\">\n\t\t\t\t\t\t\t<div class=\"elementor-background-overlay\"><\/div>\n\t\t\t\t\t\t\t<div class=\"elementor-container elementor-column-gap-default\">\n\t\t\t\t\t<div class=\"elementor-column elementor-col-100 elementor-top-column elementor-element elementor-element-a853e18\" data-id=\"a853e18\" data-element_type=\"column\" data-settings=\"{&quot;background_background&quot;:&quot;classic&quot;}\">\n\t\t\t<div class=\"elementor-widget-wrap elementor-element-populated\">\n\t\t\t\t\t\t<section class=\"elementor-section elementor-inner-section elementor-element elementor-element-e62c418 elementor-section-full_width elementor-section-height-default elementor-section-height-default neuron-fixed-no\" data-id=\"e62c418\" data-element_type=\"section\">\n\t\t\t\t\t\t<div class=\"elementor-container elementor-column-gap-default\">\n\t\t\t\t\t<div class=\"elementor-column elementor-col-50 elementor-inner-column elementor-element elementor-element-2c29a4c\" data-id=\"2c29a4c\" data-element_type=\"column\">\n\t\t\t<div class=\"elementor-widget-wrap elementor-element-populated\">\n\t\t\t\t\t\t<div class=\"elementor-element elementor-element-8708c89 elementor-widget elementor-widget-spacer\" data-id=\"8708c89\" data-element_type=\"widget\" data-widget_type=\"spacer.default\">\n\t\t\t\t\t\t\t<div class=\"elementor-spacer\">\n\t\t\t<div class=\"elementor-spacer-inner\"><\/div>\n\t\t<\/div>\n\t\t\t\t\t\t<\/div>\n\t\t\t\t<div class=\"elementor-element elementor-element-a35ab01 elementor-widget elementor-widget-heading\" data-id=\"a35ab01\" data-element_type=\"widget\" data-widget_type=\"heading.default\">\n\t\t\t\t\t<h1 class=\"elementor-heading-title elementor-size-default\">La Companyia<\/h1>\t\t\t\t<\/div>\n\t\t\t\t<div class=\"elementor-element elementor-element-97d4df6 elementor-widget__width-initial elementor-widget elementor-widget-text-editor\" data-id=\"97d4df6\" data-element_type=\"widget\" data-widget_type=\"text-editor.default\">\n\t\t\t\t\t\t\t\t\t<p>L\u2019Alba Marina i la Claudia. Es coneixen des de l\u2019any 2016. A poc a poc van descobrir que compartien l\u2019inter\u00e8s per la creaci\u00f3, l\u2019experimentaci\u00f3 i l\u2019aprenentatge. Estan conven\u00e7udes que les disciplines art\u00edstiques haurien de conviure en un mateix espai per enriquir-se. Despr\u00e9s de fer-se moltes preguntes, l\u2019any 2019 neix La Curiosa, una companyia que busca respostes a les preguntes que es fan cada dia aquestes curioses creadores.<\/p>\t\t\t\t\t\t\t\t<\/div>\n\t\t\t\t\t<\/div>\n\t\t<\/div>\n\t\t\t\t<div class=\"elementor-column elementor-col-50 elementor-inner-column elementor-element elementor-element-b79ed38\" data-id=\"b79ed38\" data-element_type=\"column\" data-settings=\"{&quot;background_background&quot;:&quot;classic&quot;}\">\n\t\t\t<div class=\"elementor-widget-wrap elementor-element-populated\">\n\t\t\t\t\t\t<div class=\"elementor-element elementor-element-d551af0 elementor-widget elementor-widget-spacer\" data-id=\"d551af0\" data-element_type=\"widget\" data-widget_type=\"spacer.default\">\n\t\t\t\t\t\t\t<div class=\"elementor-spacer\">\n\t\t\t<div class=\"elementor-spacer-inner\"><\/div>\n\t\t<\/div>\n\t\t\t\t\t\t<\/div>\n\t\t\t\t\t<\/div>\n\t\t<\/div>\n\t\t\t\t\t<\/div>\n\t\t<\/section>\n\t\t\t\t\t<\/div>\n\t\t<\/div>\n\t\t\t\t\t<\/div>\n\t\t<\/section>\n\t\t\t\t<section class=\"elementor-section elementor-top-section elementor-element elementor-element-a3c0bd3 elementor-section-full_width elementor-section-height-min-height elementor-section-height-default elementor-section-items-middle\" data-id=\"a3c0bd3\" data-element_type=\"section\" data-settings=\"{&quot;background_background&quot;:&quot;classic&quot;}\">\n\t\t\t\t\t\t\t<div class=\"elementor-background-overlay\"><\/div>\n\t\t\t\t\t\t\t<div class=\"elementor-container elementor-column-gap-default\">\n\t\t\t\t\t<div class=\"elementor-column elementor-col-100 elementor-top-column elementor-element elementor-element-61a7cf7\" data-id=\"61a7cf7\" data-element_type=\"column\" data-settings=\"{&quot;background_background&quot;:&quot;classic&quot;}\">\n\t\t\t<div class=\"elementor-widget-wrap elementor-element-populated\">\n\t\t\t\t\t\t<section class=\"elementor-section elementor-inner-section elementor-element elementor-element-19ab03b elementor-section-full_width elementor-reverse-tablet elementor-reverse-mobile elementor-section-height-default elementor-section-height-default neuron-fixed-no\" data-id=\"19ab03b\" data-element_type=\"section\">\n\t\t\t\t\t\t<div class=\"elementor-container elementor-column-gap-default\">\n\t\t\t\t\t<div class=\"elementor-column elementor-col-50 elementor-inner-column elementor-element elementor-element-6a74602\" data-id=\"6a74602\" data-element_type=\"column\" data-settings=\"{&quot;background_background&quot;:&quot;classic&quot;}\">\n\t\t\t<div class=\"elementor-widget-wrap elementor-element-populated\">\n\t\t\t\t\t\t<div class=\"elementor-element elementor-element-94fc4fc elementor-widget elementor-widget-spacer\" data-id=\"94fc4fc\" data-element_type=\"widget\" data-widget_type=\"spacer.default\">\n\t\t\t\t\t\t\t<div class=\"elementor-spacer\">\n\t\t\t<div class=\"elementor-spacer-inner\"><\/div>\n\t\t<\/div>\n\t\t\t\t\t\t<\/div>\n\t\t\t\t\t<\/div>\n\t\t<\/div>\n\t\t\t\t<div class=\"elementor-column elementor-col-50 elementor-inner-column elementor-element elementor-element-96557ed\" data-id=\"96557ed\" data-element_type=\"column\">\n\t\t\t<div class=\"elementor-widget-wrap elementor-element-populated\">\n\t\t\t\t\t\t<div class=\"elementor-element elementor-element-ffeb7ff elementor-widget elementor-widget-heading\" data-id=\"ffeb7ff\" data-element_type=\"widget\" data-widget_type=\"heading.default\">\n\t\t\t\t\t<h2 class=\"elementor-heading-title elementor-size-default\">Alba Marina Rivera<\/h2>\t\t\t\t<\/div>\n\t\t\t\t<div class=\"elementor-element elementor-element-ef11c90 elementor-widget__width-initial elementor-widget elementor-widget-text-editor\" data-id=\"ef11c90\" data-element_type=\"widget\" data-widget_type=\"text-editor.default\">\n\t\t\t\t\t\t\t\t\t<p>\u00c9s il\u00b7lustradora. Els seus llibres viatgen per moltes parts del m\u00f3n. Li agrada dissenyar tallers d\u2019expressi\u00f3 pl\u00e0stica per a fam\u00edlies. Sempre que pot, dibuixa, pinta o taca papers, sola o acompanyada.<\/p>\t\t\t\t\t\t\t\t<\/div>\n\t\t\t\t\t<\/div>\n\t\t<\/div>\n\t\t\t\t\t<\/div>\n\t\t<\/section>\n\t\t\t\t\t<\/div>\n\t\t<\/div>\n\t\t\t\t\t<\/div>\n\t\t<\/section>\n\t\t\t\t<section class=\"elementor-section elementor-top-section elementor-element elementor-element-e353cfb elementor-section-full_width elementor-section-height-min-height elementor-section-height-default elementor-section-items-middle\" data-id=\"e353cfb\" data-element_type=\"section\" data-settings=\"{&quot;background_background&quot;:&quot;classic&quot;}\">\n\t\t\t\t\t\t\t<div class=\"elementor-background-overlay\"><\/div>\n\t\t\t\t\t\t\t<div class=\"elementor-container elementor-column-gap-default\">\n\t\t\t\t\t<div class=\"elementor-column elementor-col-100 elementor-top-column elementor-element elementor-element-4d54589\" data-id=\"4d54589\" data-element_type=\"column\" data-settings=\"{&quot;background_background&quot;:&quot;classic&quot;}\">\n\t\t\t<div class=\"elementor-widget-wrap elementor-element-populated\">\n\t\t\t\t\t\t<section class=\"elementor-section elementor-inner-section elementor-element elementor-element-a977b60 elementor-section-full_width elementor-section-height-default elementor-section-height-default neuron-fixed-no\" data-id=\"a977b60\" data-element_type=\"section\">\n\t\t\t\t\t\t<div class=\"elementor-container elementor-column-gap-default\">\n\t\t\t\t\t<div class=\"elementor-column elementor-col-50 elementor-inner-column elementor-element elementor-element-2a7f2f9\" data-id=\"2a7f2f9\" data-element_type=\"column\">\n\t\t\t<div class=\"elementor-widget-wrap elementor-element-populated\">\n\t\t\t\t\t\t<div class=\"elementor-element elementor-element-618f3fc elementor-widget elementor-widget-heading\" data-id=\"618f3fc\" data-element_type=\"widget\" data-widget_type=\"heading.default\">\n\t\t\t\t\t<h2 class=\"elementor-heading-title elementor-size-default\">Claudia G\u00f3mez<\/h2>\t\t\t\t<\/div>\n\t\t\t\t<div class=\"elementor-element elementor-element-2018e8d elementor-widget__width-initial elementor-widget elementor-widget-text-editor\" data-id=\"2018e8d\" data-element_type=\"widget\" data-widget_type=\"text-editor.default\">\n\t\t\t\t\t\t\t\t\t<p>Interpreta, crea i ensenya m\u00fasica. El seu instrument \u00e9s el piano. Com que \u00e9s molt curiosa, li agrada buscar noves sonoritats amagades a les joguines, els objectes i altres instruments musicals. Es diverteix especialment quan les arts juguen juntes i busquen llenguatges comuns. L\u2019expressi\u00f3 \u00e9s la seva recerca.<\/p>\t\t\t\t\t\t\t\t<\/div>\n\t\t\t\t\t<\/div>\n\t\t<\/div>\n\t\t\t\t<div class=\"elementor-column elementor-col-50 elementor-inner-column elementor-element elementor-element-eff1ff2\" data-id=\"eff1ff2\" data-element_type=\"column\" data-settings=\"{&quot;background_background&quot;:&quot;classic&quot;}\">\n\t\t\t<div class=\"elementor-widget-wrap elementor-element-populated\">\n\t\t\t\t\t\t<div class=\"elementor-element elementor-element-eb6baeb elementor-widget elementor-widget-spacer\" data-id=\"eb6baeb\" data-element_type=\"widget\" data-widget_type=\"spacer.default\">\n\t\t\t\t\t\t\t<div class=\"elementor-spacer\">\n\t\t\t<div class=\"elementor-spacer-inner\"><\/div>\n\t\t<\/div>\n\t\t\t\t\t\t<\/div>\n\t\t\t\t\t<\/div>\n\t\t<\/div>\n\t\t\t\t\t<\/div>\n\t\t<\/section>\n\t\t\t\t\t<\/div>\n\t\t<\/div>\n\t\t\t\t\t<\/div>\n\t\t<\/section>\n\t\t\t\t<\/div>\n\t\t","protected":false},"excerpt":{"rendered":"<p>La Companyia L\u2019Alba Marina i la Claudia. Es coneixen des de l\u2019any 2016. A poc a poc van&#8230;<\/p>\n","protected":false},"author":1,"featured_media":0,"parent":0,"menu_order":10,"comment_status":"closed","ping_status":"closed","template":"","meta":{"_acf_changed":false,"inline_featured_image":false,"footnotes":""},"class_list":["post-37383","page","type-page","status-publish","hentry"],"acf":[],"yoast_head":"<!-- This site is optimized with the Yoast SEO plugin v26.2 - https:\/\/yoast.com\/wordpress\/plugins\/seo\/ -->\n<title>La Curiosa<\/title>\n<meta name=\"description\" content=\"Cuando La Curiosa escucha los colores y las formas, los objetos cobran vida y bailan al ritmo de melod\u00edas y sonoridades incre\u00edbles. \u00bfQuieres curiosear?\" \/>\n<meta name=\"robots\" content=\"noindex, nofollow\" \/>\n<meta property=\"og:locale\" content=\"ca_ES\" \/>\n<meta property=\"og:type\" content=\"article\" \/>\n<meta property=\"og:title\" content=\"La Curiosa\" \/>\n<meta property=\"og:description\" content=\"Cuando La Curiosa escucha los colores y las formas, los objetos cobran vida y bailan al ritmo de melod\u00edas y sonoridades incre\u00edbles. \u00bfQuieres curiosear?\" \/>\n<meta property=\"og:url\" content=\"https:\/\/lacuriosa.cat\/ca\/la-companyia\/\" \/>\n<meta property=\"og:site_name\" content=\"La Curiosa\" \/>\n<meta property=\"article:modified_time\" content=\"2025-07-28T16:17:11+00:00\" \/>\n<meta property=\"og:image\" content=\"https:\/\/lacuriosa.cat\/wp-content\/uploads\/2020\/09\/fbimage2020-color.jpg\" \/>\n\t<meta property=\"og:image:width\" content=\"1191\" \/>\n\t<meta property=\"og:image:height\" content=\"628\" \/>\n\t<meta property=\"og:image:type\" content=\"image\/jpeg\" \/>\n<meta name=\"twitter:card\" content=\"summary_large_image\" \/>\n<meta name=\"twitter:description\" content=\"Cuando La Curiosa escucha los colores y las formas, los objetos cobran vida y bailan al ritmo de melod\u00edas y sonoridades incre\u00edbles. \u00bfQuieres curiosear?\" \/>\n<meta name=\"twitter:image\" content=\"https:\/\/lacuriosa.cat\/wp-content\/uploads\/2020\/09\/fbimage2020-color.jpg\" \/>\n<meta name=\"twitter:label1\" content=\"Temps estimat de lectura\" \/>\n\t<meta name=\"twitter:data1\" content=\"1 minut\" \/>\n<script type=\"application\/ld+json\" class=\"yoast-schema-graph\">{\"@context\":\"https:\/\/schema.org\",\"@graph\":[{\"@type\":\"WebPage\",\"@id\":\"https:\/\/lacuriosa.cat\/ca\/la-companyia\/\",\"url\":\"https:\/\/lacuriosa.cat\/ca\/la-companyia\/\",\"name\":\"La Curiosa\",\"isPartOf\":{\"@id\":\"https:\/\/lacuriosa.cat\/ca\/inici\/#website\"},\"datePublished\":\"2025-03-08T15:04:37+00:00\",\"dateModified\":\"2025-07-28T16:17:11+00:00\",\"description\":\"Cuando La Curiosa escucha los colores y las formas, los objetos cobran vida y bailan al ritmo de melod\u00edas y sonoridades incre\u00edbles. \u00bfQuieres curiosear?\",\"breadcrumb\":{\"@id\":\"https:\/\/lacuriosa.cat\/ca\/la-companyia\/#breadcrumb\"},\"inLanguage\":\"ca\",\"potentialAction\":[{\"@type\":\"ReadAction\",\"target\":[\"https:\/\/lacuriosa.cat\/ca\/la-companyia\/\"]}]},{\"@type\":\"BreadcrumbList\",\"@id\":\"https:\/\/lacuriosa.cat\/ca\/la-companyia\/#breadcrumb\",\"itemListElement\":[{\"@type\":\"ListItem\",\"position\":1,\"name\":\"Portada\",\"item\":\"https:\/\/lacuriosa.cat\/ca\/inici\/\"},{\"@type\":\"ListItem\",\"position\":2,\"name\":\"La Companyia\"}]},{\"@type\":\"WebSite\",\"@id\":\"https:\/\/lacuriosa.cat\/ca\/inici\/#website\",\"url\":\"https:\/\/lacuriosa.cat\/ca\/inici\/\",\"name\":\"La Curiosa\",\"description\":\"Espect\u00e1culo familiar de proyecciones y m\u00fasica en directo\",\"potentialAction\":[{\"@type\":\"SearchAction\",\"target\":{\"@type\":\"EntryPoint\",\"urlTemplate\":\"https:\/\/lacuriosa.cat\/ca\/inici\/?s={search_term_string}\"},\"query-input\":{\"@type\":\"PropertyValueSpecification\",\"valueRequired\":true,\"valueName\":\"search_term_string\"}}],\"inLanguage\":\"ca\"}]}<\/script>\n<!-- \/ Yoast SEO plugin. -->","yoast_head_json":{"title":"La Curiosa","description":"Cuando La Curiosa escucha los colores y las formas, los objetos cobran vida y bailan al ritmo de melod\u00edas y sonoridades incre\u00edbles. \u00bfQuieres curiosear?","robots":{"index":"noindex","follow":"nofollow"},"og_locale":"ca_ES","og_type":"article","og_title":"La Curiosa","og_description":"Cuando La Curiosa escucha los colores y las formas, los objetos cobran vida y bailan al ritmo de melod\u00edas y sonoridades incre\u00edbles. \u00bfQuieres curiosear?","og_url":"https:\/\/lacuriosa.cat\/ca\/la-companyia\/","og_site_name":"La Curiosa","article_modified_time":"2025-07-28T16:17:11+00:00","og_image":[{"width":1191,"height":628,"url":"https:\/\/lacuriosa.cat\/wp-content\/uploads\/2020\/09\/fbimage2020-color.jpg","type":"image\/jpeg"}],"twitter_card":"summary_large_image","twitter_description":"Cuando La Curiosa escucha los colores y las formas, los objetos cobran vida y bailan al ritmo de melod\u00edas y sonoridades incre\u00edbles. \u00bfQuieres curiosear?","twitter_image":"https:\/\/lacuriosa.cat\/wp-content\/uploads\/2020\/09\/fbimage2020-color.jpg","twitter_misc":{"Temps estimat de lectura":"1 minut"},"schema":{"@context":"https:\/\/schema.org","@graph":[{"@type":"WebPage","@id":"https:\/\/lacuriosa.cat\/ca\/la-companyia\/","url":"https:\/\/lacuriosa.cat\/ca\/la-companyia\/","name":"La Curiosa","isPartOf":{"@id":"https:\/\/lacuriosa.cat\/ca\/inici\/#website"},"datePublished":"2025-03-08T15:04:37+00:00","dateModified":"2025-07-28T16:17:11+00:00","description":"Cuando La Curiosa escucha los colores y las formas, los objetos cobran vida y bailan al ritmo de melod\u00edas y sonoridades incre\u00edbles. \u00bfQuieres curiosear?","breadcrumb":{"@id":"https:\/\/lacuriosa.cat\/ca\/la-companyia\/#breadcrumb"},"inLanguage":"ca","potentialAction":[{"@type":"ReadAction","target":["https:\/\/lacuriosa.cat\/ca\/la-companyia\/"]}]},{"@type":"BreadcrumbList","@id":"https:\/\/lacuriosa.cat\/ca\/la-companyia\/#breadcrumb","itemListElement":[{"@type":"ListItem","position":1,"name":"Portada","item":"https:\/\/lacuriosa.cat\/ca\/inici\/"},{"@type":"ListItem","position":2,"name":"La Companyia"}]},{"@type":"WebSite","@id":"https:\/\/lacuriosa.cat\/ca\/inici\/#website","url":"https:\/\/lacuriosa.cat\/ca\/inici\/","name":"La Curiosa","description":"Espect\u00e1culo familiar de proyecciones y m\u00fasica en directo","potentialAction":[{"@type":"SearchAction","target":{"@type":"EntryPoint","urlTemplate":"https:\/\/lacuriosa.cat\/ca\/inici\/?s={search_term_string}"},"query-input":{"@type":"PropertyValueSpecification","valueRequired":true,"valueName":"search_term_string"}}],"inLanguage":"ca"}]}},"_links":{"self":[{"href":"https:\/\/lacuriosa.cat\/ca\/wp-json\/wp\/v2\/pages\/37383","targetHints":{"allow":["GET"]}}],"collection":[{"href":"https:\/\/lacuriosa.cat\/ca\/wp-json\/wp\/v2\/pages"}],"about":[{"href":"https:\/\/lacuriosa.cat\/ca\/wp-json\/wp\/v2\/types\/page"}],"author":[{"embeddable":true,"href":"https:\/\/lacuriosa.cat\/ca\/wp-json\/wp\/v2\/users\/1"}],"replies":[{"embeddable":true,"href":"https:\/\/lacuriosa.cat\/ca\/wp-json\/wp\/v2\/comments?post=37383"}],"version-history":[{"count":0,"href":"https:\/\/lacuriosa.cat\/ca\/wp-json\/wp\/v2\/pages\/37383\/revisions"}],"wp:attachment":[{"href":"https:\/\/lacuriosa.cat\/ca\/wp-json\/wp\/v2\/media?parent=37383"}],"curies":[{"name":"wp","href":"https:\/\/api.w.org\/{rel}","templated":true}]}}