{"id":37593,"date":"2023-12-11T18:50:07","date_gmt":"2023-12-11T16:50:07","guid":{"rendered":"https:\/\/lacuriosa.cat\/inicio\/"},"modified":"2025-10-26T14:36:17","modified_gmt":"2025-10-26T12:36:17","slug":"inicio","status":"publish","type":"page","link":"https:\/\/lacuriosa.cat\/en\/","title":{"rendered":"Home"},"content":{"rendered":"\t\t<div data-elementor-type=\"wp-post\" data-elementor-id=\"37593\" class=\"elementor elementor-37593 elementor-34299\">\n\t\t\t\t\t\t<section class=\"elementor-section elementor-top-section elementor-element elementor-element-f1ab4dd elementor-section-height-full elementor-section-full_width elementor-section-items-top elementor-section-content-top elementor-section-stretched elementor-section-height-default neuron-fixed-no\" data-id=\"f1ab4dd\" data-element_type=\"section\" id=\"top\" data-settings=\"{&quot;background_background&quot;:&quot;video&quot;,&quot;background_video_link&quot;:&quot;https:\\\/\\\/lacuriosa.cat\\\/wp-content\\\/uploads\\\/2025\\\/06\\\/cortinas-fuego-web_59.mp4&quot;,&quot;background_play_on_mobile&quot;:&quot;yes&quot;,&quot;background_video_end&quot;:12,&quot;stretch_section&quot;:&quot;section-stretched&quot;}\">\n\t\t\t\t\t\t\t\t<div class=\"elementor-background-video-container\">\n\t\t\t\t\t\t\t\t\t\t\t\t\t<video class=\"elementor-background-video-hosted\" autoplay muted playsinline loop><\/video>\n\t\t\t\t\t\t\t\t\t\t\t<\/div>\n\t\t\t\t\t\t\t\t\t<div class=\"elementor-background-overlay\"><\/div>\n\t\t\t\t\t\t\t<div class=\"elementor-container elementor-column-gap-extended\">\n\t\t\t\t\t<div class=\"elementor-column elementor-col-100 elementor-top-column elementor-element elementor-element-2e93b82\" data-id=\"2e93b82\" data-element_type=\"column\">\n\t\t\t<div class=\"elementor-widget-wrap elementor-element-populated\">\n\t\t\t\t\t\t<div class=\"elementor-element elementor-element-7336d69 elementor-widget elementor-widget-spacer\" data-id=\"7336d69\" data-element_type=\"widget\" data-widget_type=\"spacer.default\">\n\t\t\t\t\t\t\t<div class=\"elementor-spacer\">\n\t\t\t<div class=\"elementor-spacer-inner\"><\/div>\n\t\t<\/div>\n\t\t\t\t\t\t<\/div>\n\t\t\t\t\t<\/div>\n\t\t<\/div>\n\t\t\t\t\t<\/div>\n\t\t<\/section>\n\t\t\t\t<\/div>\n\t\t","protected":false},"excerpt":{"rendered":"","protected":false},"author":1,"featured_media":37564,"parent":0,"menu_order":10,"comment_status":"closed","ping_status":"closed","template":"","meta":{"_acf_changed":false,"inline_featured_image":false,"footnotes":""},"class_list":["post-37593","page","type-page","status-publish","has-post-thumbnail","hentry"],"acf":[],"yoast_head":"<!-- This site is optimized with the Yoast SEO plugin v26.2 - https:\/\/yoast.com\/wordpress\/plugins\/seo\/ -->\n<title>La Curiosa<\/title>\n<meta name=\"description\" content=\"La Curiosa es una compa\u00f1\u00eda de teatro familiar de Barcelona que crea experiencias sensoriales, visuales y sonoras en directo con un lenguaje \u00fanico y sorprendente para los m\u00e1s peque\u00f1os y sus acompa\u00f1antes.\" \/>\n<meta name=\"robots\" content=\"index, follow, max-snippet:-1, max-image-preview:large, max-video-preview:-1\" \/>\n<link rel=\"canonical\" href=\"https:\/\/lacuriosa.cat\/en\/\" \/>\n<meta property=\"og:locale\" content=\"en_US\" \/>\n<meta property=\"og:type\" content=\"article\" \/>\n<meta property=\"og:title\" content=\"La Curiosa\" \/>\n<meta property=\"og:description\" content=\"La Curiosa es una compa\u00f1\u00eda de teatro familiar de Barcelona que crea experiencias sensoriales, visuales y sonoras en directo con un lenguaje \u00fanico y sorprendente para los m\u00e1s peque\u00f1os y sus acompa\u00f1antes.\" \/>\n<meta property=\"og:url\" content=\"https:\/\/lacuriosa.cat\/en\/\" \/>\n<meta property=\"og:site_name\" content=\"La Curiosa\" \/>\n<meta property=\"article:modified_time\" content=\"2025-10-26T12:36:17+00:00\" \/>\n<meta property=\"og:image\" content=\"https:\/\/lacuriosa.cat\/wp-content\/uploads\/2025\/07\/fbimage2025_es.png\" \/>\n\t<meta property=\"og:image:width\" content=\"1191\" \/>\n\t<meta property=\"og:image:height\" content=\"628\" \/>\n\t<meta property=\"og:image:type\" content=\"image\/png\" \/>\n<meta name=\"twitter:card\" content=\"summary_large_image\" \/>\n<meta name=\"twitter:description\" content=\"La Curiosa es una compa\u00f1\u00eda de teatro familiar de Barcelona que crea experiencias sensoriales, visuales y sonoras en directo con un lenguaje \u00fanico y sorprendente para los m\u00e1s peque\u00f1os y sus acompa\u00f1antes.\" \/>\n<meta name=\"twitter:image\" content=\"https:\/\/lacuriosa.cat\/wp-content\/uploads\/2025\/07\/fbimage2025_es.png\" \/>\n<meta name=\"twitter:label1\" content=\"Est. reading time\" \/>\n\t<meta name=\"twitter:data1\" content=\"1 minute\" \/>\n<script type=\"application\/ld+json\" class=\"yoast-schema-graph\">{\"@context\":\"https:\/\/schema.org\",\"@graph\":[{\"@type\":\"WebPage\",\"@id\":\"https:\/\/lacuriosa.cat\/en\/\",\"url\":\"https:\/\/lacuriosa.cat\/en\/\",\"name\":\"La Curiosa\",\"isPartOf\":{\"@id\":\"https:\/\/lacuriosa.cat\/en\/inici\/#website\"},\"primaryImageOfPage\":{\"@id\":\"https:\/\/lacuriosa.cat\/en\/#primaryimage\"},\"image\":{\"@id\":\"https:\/\/lacuriosa.cat\/en\/#primaryimage\"},\"thumbnailUrl\":\"https:\/\/lacuriosa.cat\/wp-content\/uploads\/2025\/07\/fbimage2025_es.png\",\"datePublished\":\"2023-12-11T16:50:07+00:00\",\"dateModified\":\"2025-10-26T12:36:17+00:00\",\"description\":\"La Curiosa es una compa\u00f1\u00eda de teatro familiar de Barcelona que crea experiencias sensoriales, visuales y sonoras en directo con un lenguaje \u00fanico y sorprendente para los m\u00e1s peque\u00f1os y sus acompa\u00f1antes.\",\"breadcrumb\":{\"@id\":\"https:\/\/lacuriosa.cat\/en\/#breadcrumb\"},\"inLanguage\":\"en-US\",\"potentialAction\":[{\"@type\":\"ReadAction\",\"target\":[\"https:\/\/lacuriosa.cat\/en\/\"]}]},{\"@type\":\"ImageObject\",\"inLanguage\":\"en-US\",\"@id\":\"https:\/\/lacuriosa.cat\/en\/#primaryimage\",\"url\":\"https:\/\/lacuriosa.cat\/wp-content\/uploads\/2025\/07\/fbimage2025_es.png\",\"contentUrl\":\"https:\/\/lacuriosa.cat\/wp-content\/uploads\/2025\/07\/fbimage2025_es.png\",\"width\":1191,\"height\":628},{\"@type\":\"BreadcrumbList\",\"@id\":\"https:\/\/lacuriosa.cat\/en\/#breadcrumb\",\"itemListElement\":[{\"@type\":\"ListItem\",\"position\":1,\"name\":\"Portada\",\"item\":\"https:\/\/lacuriosa.cat\/en\/\"},{\"@type\":\"ListItem\",\"position\":2,\"name\":\"Home\"}]},{\"@type\":\"WebSite\",\"@id\":\"https:\/\/lacuriosa.cat\/en\/inici\/#website\",\"url\":\"https:\/\/lacuriosa.cat\/en\/inici\/\",\"name\":\"La Curiosa\",\"description\":\"Espect\u00e1culo familiar de proyecciones y m\u00fasica en directo\",\"potentialAction\":[{\"@type\":\"SearchAction\",\"target\":{\"@type\":\"EntryPoint\",\"urlTemplate\":\"https:\/\/lacuriosa.cat\/en\/inici\/?s={search_term_string}\"},\"query-input\":{\"@type\":\"PropertyValueSpecification\",\"valueRequired\":true,\"valueName\":\"search_term_string\"}}],\"inLanguage\":\"en-US\"}]}<\/script>\n<!-- \/ Yoast SEO plugin. -->","yoast_head_json":{"title":"La Curiosa","description":"La Curiosa es una compa\u00f1\u00eda de teatro familiar de Barcelona que crea experiencias sensoriales, visuales y sonoras en directo con un lenguaje \u00fanico y sorprendente para los m\u00e1s peque\u00f1os y sus acompa\u00f1antes.","robots":{"index":"index","follow":"follow","max-snippet":"max-snippet:-1","max-image-preview":"max-image-preview:large","max-video-preview":"max-video-preview:-1"},"canonical":"https:\/\/lacuriosa.cat\/en\/","og_locale":"en_US","og_type":"article","og_title":"La Curiosa","og_description":"La Curiosa es una compa\u00f1\u00eda de teatro familiar de Barcelona que crea experiencias sensoriales, visuales y sonoras en directo con un lenguaje \u00fanico y sorprendente para los m\u00e1s peque\u00f1os y sus acompa\u00f1antes.","og_url":"https:\/\/lacuriosa.cat\/en\/","og_site_name":"La Curiosa","article_modified_time":"2025-10-26T12:36:17+00:00","og_image":[{"width":1191,"height":628,"url":"https:\/\/lacuriosa.cat\/wp-content\/uploads\/2025\/07\/fbimage2025_es.png","type":"image\/png"}],"twitter_card":"summary_large_image","twitter_description":"La Curiosa es una compa\u00f1\u00eda de teatro familiar de Barcelona que crea experiencias sensoriales, visuales y sonoras en directo con un lenguaje \u00fanico y sorprendente para los m\u00e1s peque\u00f1os y sus acompa\u00f1antes.","twitter_image":"https:\/\/lacuriosa.cat\/wp-content\/uploads\/2025\/07\/fbimage2025_es.png","twitter_misc":{"Est. reading time":"1 minute"},"schema":{"@context":"https:\/\/schema.org","@graph":[{"@type":"WebPage","@id":"https:\/\/lacuriosa.cat\/en\/","url":"https:\/\/lacuriosa.cat\/en\/","name":"La Curiosa","isPartOf":{"@id":"https:\/\/lacuriosa.cat\/en\/inici\/#website"},"primaryImageOfPage":{"@id":"https:\/\/lacuriosa.cat\/en\/#primaryimage"},"image":{"@id":"https:\/\/lacuriosa.cat\/en\/#primaryimage"},"thumbnailUrl":"https:\/\/lacuriosa.cat\/wp-content\/uploads\/2025\/07\/fbimage2025_es.png","datePublished":"2023-12-11T16:50:07+00:00","dateModified":"2025-10-26T12:36:17+00:00","description":"La Curiosa es una compa\u00f1\u00eda de teatro familiar de Barcelona que crea experiencias sensoriales, visuales y sonoras en directo con un lenguaje \u00fanico y sorprendente para los m\u00e1s peque\u00f1os y sus acompa\u00f1antes.","breadcrumb":{"@id":"https:\/\/lacuriosa.cat\/en\/#breadcrumb"},"inLanguage":"en-US","potentialAction":[{"@type":"ReadAction","target":["https:\/\/lacuriosa.cat\/en\/"]}]},{"@type":"ImageObject","inLanguage":"en-US","@id":"https:\/\/lacuriosa.cat\/en\/#primaryimage","url":"https:\/\/lacuriosa.cat\/wp-content\/uploads\/2025\/07\/fbimage2025_es.png","contentUrl":"https:\/\/lacuriosa.cat\/wp-content\/uploads\/2025\/07\/fbimage2025_es.png","width":1191,"height":628},{"@type":"BreadcrumbList","@id":"https:\/\/lacuriosa.cat\/en\/#breadcrumb","itemListElement":[{"@type":"ListItem","position":1,"name":"Portada","item":"https:\/\/lacuriosa.cat\/en\/"},{"@type":"ListItem","position":2,"name":"Home"}]},{"@type":"WebSite","@id":"https:\/\/lacuriosa.cat\/en\/inici\/#website","url":"https:\/\/lacuriosa.cat\/en\/inici\/","name":"La Curiosa","description":"Espect\u00e1culo familiar de proyecciones y m\u00fasica en directo","potentialAction":[{"@type":"SearchAction","target":{"@type":"EntryPoint","urlTemplate":"https:\/\/lacuriosa.cat\/en\/inici\/?s={search_term_string}"},"query-input":{"@type":"PropertyValueSpecification","valueRequired":true,"valueName":"search_term_string"}}],"inLanguage":"en-US"}]}},"_links":{"self":[{"href":"https:\/\/lacuriosa.cat\/en\/wp-json\/wp\/v2\/pages\/37593","targetHints":{"allow":["GET"]}}],"collection":[{"href":"https:\/\/lacuriosa.cat\/en\/wp-json\/wp\/v2\/pages"}],"about":[{"href":"https:\/\/lacuriosa.cat\/en\/wp-json\/wp\/v2\/types\/page"}],"author":[{"embeddable":true,"href":"https:\/\/lacuriosa.cat\/en\/wp-json\/wp\/v2\/users\/1"}],"replies":[{"embeddable":true,"href":"https:\/\/lacuriosa.cat\/en\/wp-json\/wp\/v2\/comments?post=37593"}],"version-history":[{"count":1,"href":"https:\/\/lacuriosa.cat\/en\/wp-json\/wp\/v2\/pages\/37593\/revisions"}],"predecessor-version":[{"id":37744,"href":"https:\/\/lacuriosa.cat\/en\/wp-json\/wp\/v2\/pages\/37593\/revisions\/37744"}],"wp:featuredmedia":[{"embeddable":true,"href":"https:\/\/lacuriosa.cat\/en\/wp-json\/wp\/v2\/media\/37564"}],"wp:attachment":[{"href":"https:\/\/lacuriosa.cat\/en\/wp-json\/wp\/v2\/media?parent=37593"}],"curies":[{"name":"wp","href":"https:\/\/api.w.org\/{rel}","templated":true}]}}