{"id":37706,"date":"2025-07-09T17:08:14","date_gmt":"2025-07-09T15:08:14","guid":{"rendered":"https:\/\/lacuriosa.cat\/agenda-historico\/"},"modified":"2025-10-26T14:06:46","modified_gmt":"2025-10-26T12:06:46","slug":"historical-schedule","status":"publish","type":"page","link":"https:\/\/lacuriosa.cat\/en\/historical-schedule\/","title":{"rendered":"Historical Schedule\ufeff"},"content":{"rendered":"\t\t<div data-elementor-type=\"wp-page\" data-elementor-id=\"37706\" class=\"elementor elementor-37706 elementor-36798\">\n\t\t\t\t\t\t<section class=\"elementor-section elementor-top-section elementor-element elementor-element-28a480bc elementor-section-full_width elementor-section-height-min-height elementor-section-items-stretch elementor-section-height-default\" data-id=\"28a480bc\" data-element_type=\"section\" data-settings=\"{&quot;background_background&quot;:&quot;classic&quot;}\">\n\t\t\t\t\t\t\t<div class=\"elementor-background-overlay\"><\/div>\n\t\t\t\t\t\t\t<div class=\"elementor-container elementor-column-gap-default\">\n\t\t\t\t\t<div class=\"elementor-column elementor-col-100 elementor-top-column elementor-element elementor-element-e504356\" data-id=\"e504356\" data-element_type=\"column\">\n\t\t\t<div class=\"elementor-widget-wrap elementor-element-populated\">\n\t\t\t\t\t\t<div class=\"elementor-element elementor-element-4568c38 elementor-widget elementor-widget-spacer\" data-id=\"4568c38\" data-element_type=\"widget\" data-widget_type=\"spacer.default\">\n\t\t\t\t\t\t\t<div class=\"elementor-spacer\">\n\t\t\t<div class=\"elementor-spacer-inner\"><\/div>\n\t\t<\/div>\n\t\t\t\t\t\t<\/div>\n\t\t\t\t<div class=\"elementor-element elementor-element-f6ec86e elementor-widget elementor-widget-spacer\" data-id=\"f6ec86e\" data-element_type=\"widget\" data-widget_type=\"spacer.default\">\n\t\t\t\t\t\t\t<div class=\"elementor-spacer\">\n\t\t\t<div class=\"elementor-spacer-inner\"><\/div>\n\t\t<\/div>\n\t\t\t\t\t\t<\/div>\n\t\t\t\t<div class=\"elementor-element elementor-element-9f2175c elementor-widget elementor-widget-heading\" data-id=\"9f2175c\" data-element_type=\"widget\" data-widget_type=\"heading.default\">\n\t\t\t\t\t<h1 class=\"elementor-heading-title elementor-size-default\">Schedule\ufeff<\/h1>\t\t\t\t<\/div>\n\t\t\t\t<div class=\"elementor-element elementor-element-0777695 elementor-widget elementor-widget-heading\" data-id=\"0777695\" data-element_type=\"widget\" data-widget_type=\"heading.default\">\n\t\t\t\t\t<h3 class=\"elementor-heading-title elementor-size-default\">Historical<\/h3>\t\t\t\t<\/div>\n\t\t\t\t<div class=\"elementor-element elementor-element-e59b67f agenda_historic elementor-widget elementor-widget-text-editor\" data-id=\"e59b67f\" data-element_type=\"widget\" data-widget_type=\"text-editor.default\">\n\t\t\t\t\t\t\t\t\t<!-- EventON Calendar --><div id='evcal_calendar_112' class='ajde_evcal_calendar sev cev color esty_2 etttc_custom evoEL ajax_loading_cal' data-cal=''><div id='evcal_head' class='calendar_header ' ><div class='evo_cal_above evodfx evofx_dr_r marb5 evofx_ww'><button class='cal_head_btn evo-gototoday-btn' style='' data-mo='' data-yr='' data-dy=''>Este mes<\/button><\/div><div class='evo_cal_above_content'><\/div><div class='evo_header_title '><\/div><div class='evo_cal_header_end_content'>\t\t\t\t\t\r\n\t\t\t\t<div class='evo_search_bar '>\r\n\t\t\t\t\t<div class='evo_search_bar_in' >\r\n\t\t\t\t\t\t<input id='evo_search_bar_in_112' type=\"text\" placeholder='Search Events' data-role=\"none\"\/>\r\n\t\t\t\t\t\t<a class=\"evosr_search_clear_btn\"><i class=\"fa fa-close\"><\/i><\/a>\r\n\t\t\t\t\t\t<a class=\"evosr_search_btn\"><i class=\"fa fa-search\"><\/i><\/a>\r\n\t\t\t\t\t<\/div>\r\n\t\t\t\t<\/div>\r\n\r\n\t\t\t<\/div><\/div><div class='evo_filter_bar evo_main_filter_bar eventon_sorting_section '><div class='evo_filter_container evodfx evo_fx_ai_c'><div class='evo_filter_container_in'><div class='eventon_filter_line' ><div class='evo_loading_bar_holder h100 loading_filters swipe' style='min-height:30px;'><div class='nesthold r g10'><div class='evo_loading_bar wid_100% hi_30px' style='width:100%; height:30px; margin-bottom:1px;'><\/div><div class='evo_loading_bar wid_100% hi_30px' style='width:100%; height:30px; margin-bottom:1px;'><\/div><div class='evo_loading_bar wid_100% hi_30px' style='width:100%; height:30px; margin-bottom:1px;'><\/div><div class='evo_loading_bar wid_100% hi_30px' style='width:100%; height:30px; margin-bottom:1px;'><\/div><div class='evo_loading_bar wid_100% hi_30px' style='width:100%; height:30px; margin-bottom:1px;'><\/div><\/div><\/div><\/div><\/div><div class='evo_filter_nav evo_filter_l'><i class='fa fa-chevron-left'><\/i><\/div><div class='evo_filter_nav evo_filter_r'><i class='fa fa-chevron-right'><\/i><\/div><\/div><div class='evo_filter_aply_btns'><\/div><div class='evo_filter_menu'><\/div><\/div><div id='eventon_loadbar_section'><div id='eventon_loadbar'><\/div><\/div><!-- Events List --><div class='evo_events_list_box'><div id='evcal_list' class='eventon_events_list sep_months  el_cal'><div class='evo_loading_bar_holder h100 loading_e swipe' style=''><div class='nest nest1 e'><div class='nesthold r g10'><div class='nest nest2 e1'><div class='evo_loading_bar wid_100px hi_95px' style='width:100px; height:95px; '><\/div><\/div><div class='nest nest2 e2'><div class='evo_loading_bar wid_50% hi_55px' style='width:50%; height:55px; '><\/div><div class='evo_loading_bar wid_90% hi_30px' style='width:90%; height:30px; '><\/div><\/div><\/div><\/div><div class='nest nest1 e'><div class='nesthold r g10'><div class='nest nest2 e1'><div class='evo_loading_bar wid_100px hi_95px' style='width:100px; height:95px; '><\/div><\/div><div class='nest nest2 e2'><div class='evo_loading_bar wid_50% hi_55px' style='width:50%; height:55px; '><\/div><div class='evo_loading_bar wid_90% hi_30px' style='width:90%; height:30px; '><\/div><\/div><\/div><\/div><div class='nest nest1 e'><div class='nesthold r g10'><div class='nest nest2 e1'><div class='evo_loading_bar wid_100px hi_95px' style='width:100px; height:95px; '><\/div><\/div><div class='nest nest2 e2'><div class='evo_loading_bar wid_50% hi_55px' style='width:50%; height:55px; '><\/div><div class='evo_loading_bar wid_90% hi_30px' style='width:90%; height:30px; '><\/div><\/div><\/div><\/div><\/div>\t\t\t<\/div>\r\n\t\t\t<\/div><!-- evo_events_list_box -->\t\r\n\t\t\t<div class='clear'><\/div>\r\n\t\t\t\t\t \t<div id='evcal_footer' class='evo_bottom' style='display:none'>\r\n\t\t \t\t<div class='evo_cal_data' data-sc=\"{&quot;accord&quot;:&quot;no&quot;,&quot;bottom_nav&quot;:&quot;no&quot;,&quot;cal_id&quot;:&quot;&quot;,&quot;cal_init_nonajax&quot;:&quot;no&quot;,&quot;cal_type&quot;:&quot;&quot;,&quot;calendar_type&quot;:&quot;el&quot;,&quot;el_title&quot;:&quot;&quot;,&quot;el_type&quot;:&quot;pe&quot;,&quot;end_range&quot;:0,&quot;ep_fields&quot;:&quot;&quot;,&quot;etc_override&quot;:&quot;no&quot;,&quot;evc_open&quot;:&quot;no&quot;,&quot;event_count&quot;:&quot;200&quot;,&quot;event_count_list&quot;:&quot;no&quot;,&quot;event_location&quot;:&quot;all&quot;,&quot;event_order&quot;:&quot;DESC&quot;,&quot;event_organizer&quot;:&quot;all&quot;,&quot;event_parts&quot;:&quot;no&quot;,&quot;event_past_future&quot;:&quot;all&quot;,&quot;event_status&quot;:&quot;all&quot;,&quot;event_tag&quot;:&quot;all&quot;,&quot;event_type&quot;:&quot;all&quot;,&quot;event_type_2&quot;:&quot;all&quot;,&quot;event_virtual&quot;:&quot;all&quot;,&quot;eventtop_date_style&quot;:0,&quot;eventtop_style&quot;:&quot;2&quot;,&quot;exp_jumper&quot;:&quot;no&quot;,&quot;exp_so&quot;:&quot;no&quot;,&quot;filter_relationship&quot;:&quot;AND&quot;,&quot;filter_show_set_only&quot;:&quot;no&quot;,&quot;filter_style&quot;:&quot;default&quot;,&quot;filter_type&quot;:&quot;default&quot;,&quot;filters&quot;:&quot;yes&quot;,&quot;fixed_month&quot;:&quot;&quot;,&quot;fixed_year&quot;:&quot;&quot;,&quot;focus_end_date_range&quot;:&quot;1777200235&quot;,&quot;focus_start_date_range&quot;:&quot;1512086400&quot;,&quot;ft_event_priority&quot;:&quot;no&quot;,&quot;hide_arrows&quot;:&quot;no&quot;,&quot;hide_cancels&quot;:&quot;no&quot;,&quot;hide_empty_months&quot;:&quot;yes&quot;,&quot;hide_end_time&quot;:&quot;no&quot;,&quot;hide_et_dn&quot;:&quot;no&quot;,&quot;hide_et_extra&quot;:&quot;no&quot;,&quot;hide_et_tags&quot;:&quot;no&quot;,&quot;hide_et_tl&quot;:&quot;no&quot;,&quot;hide_ft&quot;:&quot;no&quot;,&quot;hide_ft_img&quot;:&quot;no&quot;,&quot;hide_month_headers&quot;:&quot;no&quot;,&quot;hide_mult_occur&quot;:&quot;no&quot;,&quot;hide_past&quot;:&quot;no&quot;,&quot;hide_past_by&quot;:&quot;ee&quot;,&quot;hide_so&quot;:&quot;yes&quot;,&quot;ics&quot;:&quot;no&quot;,&quot;jumper&quot;:&quot;no&quot;,&quot;jumper_count&quot;:5,&quot;jumper_offset&quot;:&quot;0&quot;,&quot;lang&quot;:&quot;L1&quot;,&quot;layout_changer&quot;:&quot;no&quot;,&quot;livenow_bar&quot;:&quot;yes&quot;,&quot;mapformat&quot;:&quot;roadmap&quot;,&quot;mapiconurl&quot;:&quot;&quot;,&quot;maps_load&quot;:&quot;no&quot;,&quot;mapscroll&quot;:&quot;true&quot;,&quot;mapzoom&quot;:&quot;18&quot;,&quot;members_only&quot;:&quot;no&quot;,&quot;ml_priority&quot;:&quot;no&quot;,&quot;ml_toend&quot;:&quot;no&quot;,&quot;month_incre&quot;:0,&quot;month_order&quot;:&quot;DESC&quot;,&quot;number_of_months&quot;:101,&quot;only_ft&quot;:&quot;no&quot;,&quot;pec&quot;:&quot;&quot;,&quot;s&quot;:&quot;&quot;,&quot;search&quot;:&quot;&quot;,&quot;search_all&quot;:&quot;no&quot;,&quot;sep_month&quot;:&quot;yes&quot;,&quot;show_et_ft_img&quot;:&quot;no&quot;,&quot;show_limit&quot;:&quot;yes&quot;,&quot;show_limit_ajax&quot;:&quot;no&quot;,&quot;show_limit_paged&quot;:1,&quot;show_limit_redir&quot;:&quot;&quot;,&quot;show_repeats&quot;:&quot;no&quot;,&quot;show_search&quot;:&quot;no&quot;,&quot;show_upcoming&quot;:0,&quot;show_year&quot;:&quot;yes&quot;,&quot;social_share&quot;:&quot;no&quot;,&quot;sort_by&quot;:&quot;sort_date&quot;,&quot;start_range&quot;:0,&quot;tile_bg&quot;:0,&quot;tile_bg_size&quot;:&quot;full&quot;,&quot;tile_count&quot;:2,&quot;tile_height&quot;:0,&quot;tile_style&quot;:0,&quot;tiles&quot;:&quot;no&quot;,&quot;ux_val&quot;:&quot;0&quot;,&quot;view_switcher&quot;:&quot;no&quot;,&quot;wpml_l1&quot;:&quot;&quot;,&quot;wpml_l2&quot;:&quot;&quot;,&quot;wpml_l3&quot;:&quot;&quot;,&quot;yl_priority&quot;:&quot;no&quot;,&quot;yl_toend&quot;:&quot;no&quot;,&quot;so&quot;:&quot;no&quot;,&quot;ajax&quot;:&quot;no&quot;,&quot;hide_expand&quot;:&quot;yes&quot;,&quot;fixed_day&quot;:&quot;26&quot;,&quot;fixed_date&quot;:&quot;&quot;,&quot;_cver&quot;:&quot;4.9.11&quot;}\" data-filter_data=\"[]\" data-nav_data=\"{&quot;month_title&quot;:&quot;&lt;p id=&#039;evcal_cur&#039; class=&#039;evo_month_title padr10&#039;&gt; , &lt;\\\/p&gt;&quot;,&quot;arrows&quot;:&quot;&lt;p class=&#039;evo_arrows&#039;&gt;\\r\\n\\t\\t\\t\\t\\t&lt;button id=&#039;evcal_prev&#039; class=&#039;evcal_arrows evcal_btn_prev evodfx evofx_jc_c evofx_ai_c&#039; &gt;&lt;i class=&#039;fa fa-chevron-left&#039; aria-hidden=&#039;true&#039;&gt;&lt;\\\/i&gt;&lt;\\\/button&gt;\\r\\n\\t\\t\\t\\t\\t&lt;button id=&#039;evcal_next&#039; class=&#039;evcal_arrows evo_arrow_next evcal_btn_next evodfx evofx_jc_c evofx_ai_c&#039; &gt;&lt;i class=&#039;fa fa-chevron-right&#039; aria-hidden=&#039;true&#039;&gt;&lt;\\\/i&gt;&lt;\\\/button&gt;\\r\\n\\t\\t\\t\\t\\t&lt;\\\/p&gt;&quot;}\" data-od=\"{&quot;lang_no_events&quot;:&quot;No Events&quot;,&quot;cal_tz_offset&quot;:120,&quot;cal_tz&quot;:&quot;Europe\\\/Madrid&quot;}\" ><\/div>\r\n\t\t \t\t<div class='evo_cal_events' data-events=\"\"><\/div>\r\n\t\t \t<\/div>\r\n\t\t\t\t\r\n\t\t\t\r\n\t\t\t\t\t\t<\/div><!-- EventON End -->\r\n\t\t\t\t\t\t\t\t\t\t\t<\/div>\n\t\t\t\t\t<\/div>\n\t\t<\/div>\n\t\t\t\t\t<\/div>\n\t\t<\/section>\n\t\t\t\t<\/div>\n\t\t","protected":false},"excerpt":{"rendered":"<p>Schedule\ufeff Historical<\/p>\n","protected":false},"author":1,"featured_media":0,"parent":0,"menu_order":0,"comment_status":"closed","ping_status":"closed","template":"","meta":{"_acf_changed":false,"inline_featured_image":false,"footnotes":""},"class_list":["post-37706","page","type-page","status-publish","hentry"],"acf":[],"yoast_head":"<!-- This site is optimized with the Yoast SEO plugin v26.2 - https:\/\/yoast.com\/wordpress\/plugins\/seo\/ -->\n<title>Historical Schedule\ufeff - La Curiosa<\/title>\n<meta name=\"description\" content=\"La Curiosa \u00e9s una companyia de teatre familiar de Barcelona que crea experi\u00e8ncies sensorials, visuals i sonores en directe amb un llenguatge \u00fanic i sorprenent per als m\u00e9s petits i els seus acompanyants.\" \/>\n<meta name=\"robots\" content=\"index, follow, max-snippet:-1, max-image-preview:large, max-video-preview:-1\" \/>\n<link rel=\"canonical\" href=\"https:\/\/lacuriosa.cat\/en\/historical-schedule\/\" \/>\n<meta property=\"og:locale\" content=\"en_US\" \/>\n<meta property=\"og:type\" content=\"article\" \/>\n<meta property=\"og:title\" content=\"Historical Schedule\ufeff - La Curiosa\" \/>\n<meta property=\"og:description\" content=\"La Curiosa \u00e9s una companyia de teatre familiar de Barcelona que crea experi\u00e8ncies sensorials, visuals i sonores en directe amb un llenguatge \u00fanic i sorprenent per als m\u00e9s petits i els seus acompanyants.\" \/>\n<meta property=\"og:url\" content=\"https:\/\/lacuriosa.cat\/en\/historical-schedule\/\" \/>\n<meta property=\"og:site_name\" content=\"La Curiosa\" \/>\n<meta property=\"article:modified_time\" content=\"2025-10-26T12:06:46+00:00\" \/>\n<meta property=\"og:image\" content=\"https:\/\/lacuriosa.cat\/wp-content\/uploads\/2025\/07\/fbimage2025_ca.png\" \/>\n\t<meta property=\"og:image:width\" content=\"1191\" \/>\n\t<meta property=\"og:image:height\" content=\"628\" \/>\n\t<meta property=\"og:image:type\" content=\"image\/png\" \/>\n<meta name=\"twitter:card\" content=\"summary_large_image\" \/>\n<meta name=\"twitter:label1\" content=\"Est. reading time\" \/>\n\t<meta name=\"twitter:data1\" content=\"1 minute\" \/>\n<script type=\"application\/ld+json\" class=\"yoast-schema-graph\">{\"@context\":\"https:\/\/schema.org\",\"@graph\":[{\"@type\":\"WebPage\",\"@id\":\"https:\/\/lacuriosa.cat\/en\/historical-schedule\/\",\"url\":\"https:\/\/lacuriosa.cat\/en\/historical-schedule\/\",\"name\":\"Historical Schedule\ufeff - La Curiosa\",\"isPartOf\":{\"@id\":\"https:\/\/lacuriosa.cat\/en\/inici\/#website\"},\"datePublished\":\"2025-07-09T15:08:14+00:00\",\"dateModified\":\"2025-10-26T12:06:46+00:00\",\"description\":\"La Curiosa \u00e9s una companyia de teatre familiar de Barcelona que crea experi\u00e8ncies sensorials, visuals i sonores en directe amb un llenguatge \u00fanic i sorprenent per als m\u00e9s petits i els seus acompanyants.\",\"breadcrumb\":{\"@id\":\"https:\/\/lacuriosa.cat\/en\/historical-schedule\/#breadcrumb\"},\"inLanguage\":\"en-US\",\"potentialAction\":[{\"@type\":\"ReadAction\",\"target\":[\"https:\/\/lacuriosa.cat\/en\/historical-schedule\/\"]}]},{\"@type\":\"BreadcrumbList\",\"@id\":\"https:\/\/lacuriosa.cat\/en\/historical-schedule\/#breadcrumb\",\"itemListElement\":[{\"@type\":\"ListItem\",\"position\":1,\"name\":\"Portada\",\"item\":\"https:\/\/lacuriosa.cat\/en\/\"},{\"@type\":\"ListItem\",\"position\":2,\"name\":\"Historical Schedule\ufeff\"}]},{\"@type\":\"WebSite\",\"@id\":\"https:\/\/lacuriosa.cat\/en\/inici\/#website\",\"url\":\"https:\/\/lacuriosa.cat\/en\/inici\/\",\"name\":\"La Curiosa\",\"description\":\"Espect\u00e1culo familiar de proyecciones y m\u00fasica en directo\",\"potentialAction\":[{\"@type\":\"SearchAction\",\"target\":{\"@type\":\"EntryPoint\",\"urlTemplate\":\"https:\/\/lacuriosa.cat\/en\/inici\/?s={search_term_string}\"},\"query-input\":{\"@type\":\"PropertyValueSpecification\",\"valueRequired\":true,\"valueName\":\"search_term_string\"}}],\"inLanguage\":\"en-US\"}]}<\/script>\n<!-- \/ Yoast SEO plugin. -->","yoast_head_json":{"title":"Historical Schedule\ufeff - La Curiosa","description":"La Curiosa \u00e9s una companyia de teatre familiar de Barcelona que crea experi\u00e8ncies sensorials, visuals i sonores en directe amb un llenguatge \u00fanic i sorprenent per als m\u00e9s petits i els seus acompanyants.","robots":{"index":"index","follow":"follow","max-snippet":"max-snippet:-1","max-image-preview":"max-image-preview:large","max-video-preview":"max-video-preview:-1"},"canonical":"https:\/\/lacuriosa.cat\/en\/historical-schedule\/","og_locale":"en_US","og_type":"article","og_title":"Historical Schedule\ufeff - La Curiosa","og_description":"La Curiosa \u00e9s una companyia de teatre familiar de Barcelona que crea experi\u00e8ncies sensorials, visuals i sonores en directe amb un llenguatge \u00fanic i sorprenent per als m\u00e9s petits i els seus acompanyants.","og_url":"https:\/\/lacuriosa.cat\/en\/historical-schedule\/","og_site_name":"La Curiosa","article_modified_time":"2025-10-26T12:06:46+00:00","og_image":[{"width":1191,"height":628,"url":"https:\/\/lacuriosa.cat\/wp-content\/uploads\/2025\/07\/fbimage2025_ca.png","type":"image\/png"}],"twitter_card":"summary_large_image","twitter_misc":{"Est. reading time":"1 minute"},"schema":{"@context":"https:\/\/schema.org","@graph":[{"@type":"WebPage","@id":"https:\/\/lacuriosa.cat\/en\/historical-schedule\/","url":"https:\/\/lacuriosa.cat\/en\/historical-schedule\/","name":"Historical Schedule\ufeff - La Curiosa","isPartOf":{"@id":"https:\/\/lacuriosa.cat\/en\/inici\/#website"},"datePublished":"2025-07-09T15:08:14+00:00","dateModified":"2025-10-26T12:06:46+00:00","description":"La Curiosa \u00e9s una companyia de teatre familiar de Barcelona que crea experi\u00e8ncies sensorials, visuals i sonores en directe amb un llenguatge \u00fanic i sorprenent per als m\u00e9s petits i els seus acompanyants.","breadcrumb":{"@id":"https:\/\/lacuriosa.cat\/en\/historical-schedule\/#breadcrumb"},"inLanguage":"en-US","potentialAction":[{"@type":"ReadAction","target":["https:\/\/lacuriosa.cat\/en\/historical-schedule\/"]}]},{"@type":"BreadcrumbList","@id":"https:\/\/lacuriosa.cat\/en\/historical-schedule\/#breadcrumb","itemListElement":[{"@type":"ListItem","position":1,"name":"Portada","item":"https:\/\/lacuriosa.cat\/en\/"},{"@type":"ListItem","position":2,"name":"Historical Schedule\ufeff"}]},{"@type":"WebSite","@id":"https:\/\/lacuriosa.cat\/en\/inici\/#website","url":"https:\/\/lacuriosa.cat\/en\/inici\/","name":"La Curiosa","description":"Espect\u00e1culo familiar de proyecciones y m\u00fasica en directo","potentialAction":[{"@type":"SearchAction","target":{"@type":"EntryPoint","urlTemplate":"https:\/\/lacuriosa.cat\/en\/inici\/?s={search_term_string}"},"query-input":{"@type":"PropertyValueSpecification","valueRequired":true,"valueName":"search_term_string"}}],"inLanguage":"en-US"}]}},"_links":{"self":[{"href":"https:\/\/lacuriosa.cat\/en\/wp-json\/wp\/v2\/pages\/37706","targetHints":{"allow":["GET"]}}],"collection":[{"href":"https:\/\/lacuriosa.cat\/en\/wp-json\/wp\/v2\/pages"}],"about":[{"href":"https:\/\/lacuriosa.cat\/en\/wp-json\/wp\/v2\/types\/page"}],"author":[{"embeddable":true,"href":"https:\/\/lacuriosa.cat\/en\/wp-json\/wp\/v2\/users\/1"}],"replies":[{"embeddable":true,"href":"https:\/\/lacuriosa.cat\/en\/wp-json\/wp\/v2\/comments?post=37706"}],"version-history":[{"count":4,"href":"https:\/\/lacuriosa.cat\/en\/wp-json\/wp\/v2\/pages\/37706\/revisions"}],"predecessor-version":[{"id":37711,"href":"https:\/\/lacuriosa.cat\/en\/wp-json\/wp\/v2\/pages\/37706\/revisions\/37711"}],"wp:attachment":[{"href":"https:\/\/lacuriosa.cat\/en\/wp-json\/wp\/v2\/media?parent=37706"}],"curies":[{"name":"wp","href":"https:\/\/api.w.org\/{rel}","templated":true}]}}