{"id":37732,"date":"2025-06-25T21:01:12","date_gmt":"2025-06-25T19:01:12","guid":{"rendered":"https:\/\/lacuriosa.cat\/contacto\/"},"modified":"2026-02-09T20:10:07","modified_gmt":"2026-02-09T18:10:07","slug":"contact","status":"publish","type":"page","link":"https:\/\/lacuriosa.cat\/en\/contact\/","title":{"rendered":"Contact"},"content":{"rendered":"\t\t<div data-elementor-type=\"wp-page\" data-elementor-id=\"37732\" class=\"elementor elementor-37732 elementor-36406\">\n\t\t\t\t\t\t<section class=\"elementor-section elementor-top-section elementor-element elementor-element-28a480bc elementor-section-full_width elementor-section-height-min-height elementor-section-items-stretch elementor-section-height-default\" data-id=\"28a480bc\" data-element_type=\"section\" data-settings=\"{&quot;background_background&quot;:&quot;classic&quot;}\">\n\t\t\t\t\t\t\t<div class=\"elementor-background-overlay\"><\/div>\n\t\t\t\t\t\t\t<div class=\"elementor-container elementor-column-gap-default\">\n\t\t\t\t\t<div class=\"elementor-column elementor-col-50 elementor-top-column elementor-element elementor-element-722d8b4f\" data-id=\"722d8b4f\" data-element_type=\"column\" data-settings=\"{&quot;background_background&quot;:&quot;classic&quot;}\">\n\t\t\t<div class=\"elementor-widget-wrap elementor-element-populated\">\n\t\t\t\t\t\t<div class=\"elementor-element elementor-element-4a4ebae elementor-widget elementor-widget-spacer\" data-id=\"4a4ebae\" data-element_type=\"widget\" data-widget_type=\"spacer.default\">\n\t\t\t\t\t\t\t<div class=\"elementor-spacer\">\n\t\t\t<div class=\"elementor-spacer-inner\"><\/div>\n\t\t<\/div>\n\t\t\t\t\t\t<\/div>\n\t\t\t\t\t<\/div>\n\t\t<\/div>\n\t\t\t\t<div class=\"elementor-column elementor-col-50 elementor-top-column elementor-element elementor-element-e504356\" data-id=\"e504356\" data-element_type=\"column\">\n\t\t\t<div class=\"elementor-widget-wrap elementor-element-populated\">\n\t\t\t\t\t\t<div class=\"elementor-element elementor-element-9f2175c elementor-widget elementor-widget-heading\" data-id=\"9f2175c\" data-element_type=\"widget\" data-widget_type=\"heading.default\">\n\t\t\t\t\t<h1 class=\"elementor-heading-title elementor-size-default\">Contact<\/h1>\t\t\t\t<\/div>\n\t\t\t\t<div class=\"elementor-element elementor-element-00b2f31 elementor-widget elementor-widget-text-editor\" data-id=\"00b2f31\" data-element_type=\"widget\" data-widget_type=\"text-editor.default\">\n\t\t\t\t\t\t\t\t\t<p style=\"text-align: left;\">Email: <a href=\"mailto:info@lacuriosa.cat\" target=\"_blank\" rel=\"noopener\">info@lacuriosa.cat<\/a><br \/>Phone\u00a0 +34 636337017 \/ +34 629914200<\/p>\t\t\t\t\t\t\t\t<\/div>\n\t\t\t\t<div class=\"elementor-element elementor-element-c01060c elementor-widget-divider--view-line elementor-widget elementor-widget-divider\" data-id=\"c01060c\" data-element_type=\"widget\" data-widget_type=\"divider.default\">\n\t\t\t\t\t\t\t<div class=\"elementor-divider\">\n\t\t\t<span class=\"elementor-divider-separator\">\n\t\t\t\t\t\t<\/span>\n\t\t<\/div>\n\t\t\t\t\t\t<\/div>\n\t\t\t\t<div class=\"elementor-element elementor-element-00de177 elementor-widget elementor-widget-text-editor\" data-id=\"00de177\" data-element_type=\"widget\" data-widget_type=\"text-editor.default\">\n\t\t\t\t\t\t\t\t\t<p>Booking and Distribution in Catalonia and Nationwide<br \/>MonicaDeGira M\u00f2nica Gen\u00e9<br \/><a href=\"mailto:monica@monicadegira.com\" target=\"_blank\" rel=\"noopener\">monica@monicadegira.com<\/a><br \/>Phone\u00a0 +34 671036421<\/p>\t\t\t\t\t\t\t\t<\/div>\n\t\t\t\t\t<\/div>\n\t\t<\/div>\n\t\t\t\t\t<\/div>\n\t\t<\/section>\n\t\t\t\t<\/div>\n\t\t","protected":false},"excerpt":{"rendered":"<p>Contact Email: info@lacuriosa.catPhone\u00a0 +34 636337017 \/ +34 629914200 Booking and Distribution in Catalonia and NationwideMonicaDeGira M\u00f2nica Gen\u00e9monica@monicadegira.comPhone\u00a0 +34&#8230;<\/p>\n","protected":false},"author":1,"featured_media":0,"parent":0,"menu_order":0,"comment_status":"closed","ping_status":"closed","template":"","meta":{"_acf_changed":false,"inline_featured_image":false,"footnotes":""},"class_list":["post-37732","page","type-page","status-publish","hentry"],"acf":[],"yoast_head":"<!-- This site is optimized with the Yoast SEO plugin v26.2 - https:\/\/yoast.com\/wordpress\/plugins\/seo\/ -->\n<title>Contact - La Curiosa<\/title>\n<meta name=\"description\" content=\"La Curiosa \u00e9s una companyia de teatre familiar de Barcelona que crea experi\u00e8ncies sensorials, visuals i sonores en directe amb un llenguatge \u00fanic i sorprenent per als m\u00e9s petits i els seus acompanyants.\" \/>\n<meta name=\"robots\" content=\"index, follow, max-snippet:-1, max-image-preview:large, max-video-preview:-1\" \/>\n<link rel=\"canonical\" href=\"https:\/\/lacuriosa.cat\/en\/contact\/\" \/>\n<meta property=\"og:locale\" content=\"en_US\" \/>\n<meta property=\"og:type\" content=\"article\" \/>\n<meta property=\"og:title\" content=\"Contact - La Curiosa\" \/>\n<meta property=\"og:description\" content=\"La Curiosa \u00e9s una companyia de teatre familiar de Barcelona que crea experi\u00e8ncies sensorials, visuals i sonores en directe amb un llenguatge \u00fanic i sorprenent per als m\u00e9s petits i els seus acompanyants.\" \/>\n<meta property=\"og:url\" content=\"https:\/\/lacuriosa.cat\/en\/contact\/\" \/>\n<meta property=\"og:site_name\" content=\"La Curiosa\" \/>\n<meta property=\"article:modified_time\" content=\"2026-02-09T18:10:07+00:00\" \/>\n<meta property=\"og:image\" content=\"https:\/\/lacuriosa.cat\/wp-content\/uploads\/2025\/07\/fbimage2025_ca.png\" \/>\n\t<meta property=\"og:image:width\" content=\"1191\" \/>\n\t<meta property=\"og:image:height\" content=\"628\" \/>\n\t<meta property=\"og:image:type\" content=\"image\/png\" \/>\n<meta name=\"twitter:card\" content=\"summary_large_image\" \/>\n<meta name=\"twitter:label1\" content=\"Est. reading time\" \/>\n\t<meta name=\"twitter:data1\" content=\"1 minute\" \/>\n<script type=\"application\/ld+json\" class=\"yoast-schema-graph\">{\"@context\":\"https:\/\/schema.org\",\"@graph\":[{\"@type\":\"WebPage\",\"@id\":\"https:\/\/lacuriosa.cat\/en\/contact\/\",\"url\":\"https:\/\/lacuriosa.cat\/en\/contact\/\",\"name\":\"Contact - La Curiosa\",\"isPartOf\":{\"@id\":\"https:\/\/lacuriosa.cat\/en\/inici\/#website\"},\"datePublished\":\"2025-06-25T19:01:12+00:00\",\"dateModified\":\"2026-02-09T18:10:07+00:00\",\"description\":\"La Curiosa \u00e9s una companyia de teatre familiar de Barcelona que crea experi\u00e8ncies sensorials, visuals i sonores en directe amb un llenguatge \u00fanic i sorprenent per als m\u00e9s petits i els seus acompanyants.\",\"breadcrumb\":{\"@id\":\"https:\/\/lacuriosa.cat\/en\/contact\/#breadcrumb\"},\"inLanguage\":\"en-US\",\"potentialAction\":[{\"@type\":\"ReadAction\",\"target\":[\"https:\/\/lacuriosa.cat\/en\/contact\/\"]}]},{\"@type\":\"BreadcrumbList\",\"@id\":\"https:\/\/lacuriosa.cat\/en\/contact\/#breadcrumb\",\"itemListElement\":[{\"@type\":\"ListItem\",\"position\":1,\"name\":\"Portada\",\"item\":\"https:\/\/lacuriosa.cat\/en\/\"},{\"@type\":\"ListItem\",\"position\":2,\"name\":\"Contact\"}]},{\"@type\":\"WebSite\",\"@id\":\"https:\/\/lacuriosa.cat\/en\/inici\/#website\",\"url\":\"https:\/\/lacuriosa.cat\/en\/inici\/\",\"name\":\"La Curiosa\",\"description\":\"Espect\u00e1culo familiar de proyecciones y m\u00fasica en directo\",\"potentialAction\":[{\"@type\":\"SearchAction\",\"target\":{\"@type\":\"EntryPoint\",\"urlTemplate\":\"https:\/\/lacuriosa.cat\/en\/inici\/?s={search_term_string}\"},\"query-input\":{\"@type\":\"PropertyValueSpecification\",\"valueRequired\":true,\"valueName\":\"search_term_string\"}}],\"inLanguage\":\"en-US\"}]}<\/script>\n<!-- \/ Yoast SEO plugin. -->","yoast_head_json":{"title":"Contact - La Curiosa","description":"La Curiosa \u00e9s una companyia de teatre familiar de Barcelona que crea experi\u00e8ncies sensorials, visuals i sonores en directe amb un llenguatge \u00fanic i sorprenent per als m\u00e9s petits i els seus acompanyants.","robots":{"index":"index","follow":"follow","max-snippet":"max-snippet:-1","max-image-preview":"max-image-preview:large","max-video-preview":"max-video-preview:-1"},"canonical":"https:\/\/lacuriosa.cat\/en\/contact\/","og_locale":"en_US","og_type":"article","og_title":"Contact - La Curiosa","og_description":"La Curiosa \u00e9s una companyia de teatre familiar de Barcelona que crea experi\u00e8ncies sensorials, visuals i sonores en directe amb un llenguatge \u00fanic i sorprenent per als m\u00e9s petits i els seus acompanyants.","og_url":"https:\/\/lacuriosa.cat\/en\/contact\/","og_site_name":"La Curiosa","article_modified_time":"2026-02-09T18:10:07+00:00","og_image":[{"width":1191,"height":628,"url":"https:\/\/lacuriosa.cat\/wp-content\/uploads\/2025\/07\/fbimage2025_ca.png","type":"image\/png"}],"twitter_card":"summary_large_image","twitter_misc":{"Est. reading time":"1 minute"},"schema":{"@context":"https:\/\/schema.org","@graph":[{"@type":"WebPage","@id":"https:\/\/lacuriosa.cat\/en\/contact\/","url":"https:\/\/lacuriosa.cat\/en\/contact\/","name":"Contact - La Curiosa","isPartOf":{"@id":"https:\/\/lacuriosa.cat\/en\/inici\/#website"},"datePublished":"2025-06-25T19:01:12+00:00","dateModified":"2026-02-09T18:10:07+00:00","description":"La Curiosa \u00e9s una companyia de teatre familiar de Barcelona que crea experi\u00e8ncies sensorials, visuals i sonores en directe amb un llenguatge \u00fanic i sorprenent per als m\u00e9s petits i els seus acompanyants.","breadcrumb":{"@id":"https:\/\/lacuriosa.cat\/en\/contact\/#breadcrumb"},"inLanguage":"en-US","potentialAction":[{"@type":"ReadAction","target":["https:\/\/lacuriosa.cat\/en\/contact\/"]}]},{"@type":"BreadcrumbList","@id":"https:\/\/lacuriosa.cat\/en\/contact\/#breadcrumb","itemListElement":[{"@type":"ListItem","position":1,"name":"Portada","item":"https:\/\/lacuriosa.cat\/en\/"},{"@type":"ListItem","position":2,"name":"Contact"}]},{"@type":"WebSite","@id":"https:\/\/lacuriosa.cat\/en\/inici\/#website","url":"https:\/\/lacuriosa.cat\/en\/inici\/","name":"La Curiosa","description":"Espect\u00e1culo familiar de proyecciones y m\u00fasica en directo","potentialAction":[{"@type":"SearchAction","target":{"@type":"EntryPoint","urlTemplate":"https:\/\/lacuriosa.cat\/en\/inici\/?s={search_term_string}"},"query-input":{"@type":"PropertyValueSpecification","valueRequired":true,"valueName":"search_term_string"}}],"inLanguage":"en-US"}]}},"_links":{"self":[{"href":"https:\/\/lacuriosa.cat\/en\/wp-json\/wp\/v2\/pages\/37732","targetHints":{"allow":["GET"]}}],"collection":[{"href":"https:\/\/lacuriosa.cat\/en\/wp-json\/wp\/v2\/pages"}],"about":[{"href":"https:\/\/lacuriosa.cat\/en\/wp-json\/wp\/v2\/types\/page"}],"author":[{"embeddable":true,"href":"https:\/\/lacuriosa.cat\/en\/wp-json\/wp\/v2\/users\/1"}],"replies":[{"embeddable":true,"href":"https:\/\/lacuriosa.cat\/en\/wp-json\/wp\/v2\/comments?post=37732"}],"version-history":[{"count":34,"href":"https:\/\/lacuriosa.cat\/en\/wp-json\/wp\/v2\/pages\/37732\/revisions"}],"predecessor-version":[{"id":37821,"href":"https:\/\/lacuriosa.cat\/en\/wp-json\/wp\/v2\/pages\/37732\/revisions\/37821"}],"wp:attachment":[{"href":"https:\/\/lacuriosa.cat\/en\/wp-json\/wp\/v2\/media?parent=37732"}],"curies":[{"name":"wp","href":"https:\/\/api.w.org\/{rel}","templated":true}]}}